{"id":67,"date":"2024-09-05T16:43:42","date_gmt":"2024-09-05T16:43:42","guid":{"rendered":"http:\/\/gigikozmetikadebrecen.hu\/?page_id=67"},"modified":"2026-03-30T18:50:33","modified_gmt":"2026-03-30T18:50:33","slug":"galeria","status":"publish","type":"page","link":"https:\/\/yourtime.hu\/?page_id=67","title":{"rendered":"Gal\u00e9ria"},"content":{"rendered":"\n<hr class=\"wp-block-separator has-alpha-channel-opacity is-style-wide\"\/>\n\n\n\n<h2 class=\"wp-block-heading\">Kezel\u00e9sek<\/h2>\n\n\n\n<div id=\"wg_148_17767651164106\" class=\"woowgallery-wrapper wg-id-148 type-woowgallery\" itemscope itemtype=\"http:\/\/schema.org\/ImageGallery\">\t\t<div class='woowgallery-amron'>\n\t\t\t<script type=\"application\/json\" class=\"wg-json-content\">[{\"type\":\"attachment\",\"subtype\":\"image\",\"status\":\"publish\",\"id\":\"149\",\"title_src\":\"custom\",\"alt_src\":\"alt\",\"caption_src\":\"caption\",\"title\":\"Texture \",\"alt\":\"\",\"caption\":\"\",\"link\":{\"text\":\"\",\"url\":\"\",\"target\":\"_self\"},\"tags\":[],\"author\":{\"id\":\"1\",\"name\":\"gigiadminaniko\",\"url\":\"http:\\\/\\\/yourtime.hu\"},\"slug\":\"aca70955-374a-41b8-bdb6-a1e2f261b070\",\"date\":\"2024-09-15T19:53:28\",\"src\":\"http:\\\/\\\/yourtime.hu\\\/?p=149\",\"original\":\"http:\\\/\\\/yourtime.hu\\\/wp-content\\\/uploads\\\/2024\\\/09\\\/ACA70955-374A-41B8-BDB6-A1E2F261B070-scaled.jpeg\",\"comments\":{\"status\":\"open\",\"count\":\"0\"},\"copyright\":\"\",\"thumb\":[\"http:\\\/\\\/yourtime.hu\\\/wp-content\\\/uploads\\\/2024\\\/09\\\/ACA70955-374A-41B8-BDB6-A1E2F261B070-scaled-400x534.jpeg\",400,534,true],\"image\":[\"http:\\\/\\\/yourtime.hu\\\/wp-content\\\/uploads\\\/2024\\\/09\\\/ACA70955-374A-41B8-BDB6-A1E2F261B070-scaled-1649x2200.jpeg\",1649,2200,true],\"image_id\":149,\"resized\":true,\"file\":\"\\\/var\\\/www\\\/clients\\\/client1351\\\/web3429\\\/web\\\/gigikozmetikadebrecen.hu\\\/wp-content\\\/uploads\\\/2024\\\/09\\\/ACA70955-374A-41B8-BDB6-A1E2F261B070-scaled.jpeg\",\"meta\":[],\"tags_taxonomy\":\"media_tag\"},{\"type\":\"attachment\",\"subtype\":\"image\",\"status\":\"publish\",\"id\":\"150\",\"title_src\":\"custom\",\"alt_src\":\"alt\",\"caption_src\":\"caption\",\"title\":\"B\\u0151rcsiszol\\u00e1s \\u00e9s Bioplazma massz\\u00e1zs\",\"alt\":\"\",\"caption\":\"\",\"link\":{\"text\":\"\",\"url\":\"\",\"target\":\"_self\"},\"tags\":[],\"author\":{\"id\":\"1\",\"name\":\"gigiadminaniko\",\"url\":\"http:\\\/\\\/yourtime.hu\"},\"slug\":\"bdc37b7b-2867-4947-8f81-1e6d396eda62\",\"date\":\"2024-09-15T19:53:33\",\"src\":\"http:\\\/\\\/yourtime.hu\\\/?p=150\",\"original\":\"http:\\\/\\\/yourtime.hu\\\/wp-content\\\/uploads\\\/2024\\\/09\\\/BDC37B7B-2867-4947-8F81-1E6D396EDA62-scaled.jpeg\",\"comments\":{\"status\":\"open\",\"count\":\"0\"},\"copyright\":\"\",\"thumb\":[\"http:\\\/\\\/yourtime.hu\\\/wp-content\\\/uploads\\\/2024\\\/09\\\/BDC37B7B-2867-4947-8F81-1E6D396EDA62-scaled-400x400.jpeg\",400,400,true],\"image\":[\"http:\\\/\\\/yourtime.hu\\\/wp-content\\\/uploads\\\/2024\\\/09\\\/BDC37B7B-2867-4947-8F81-1E6D396EDA62-scaled-2200x2200.jpeg\",2200,2200,true],\"image_id\":150,\"resized\":true,\"file\":\"\\\/var\\\/www\\\/clients\\\/client1351\\\/web3429\\\/web\\\/gigikozmetikadebrecen.hu\\\/wp-content\\\/uploads\\\/2024\\\/09\\\/BDC37B7B-2867-4947-8F81-1E6D396EDA62-scaled.jpeg\",\"meta\":[],\"tags_taxonomy\":\"media_tag\"},{\"type\":\"attachment\",\"subtype\":\"image\",\"status\":\"publish\",\"id\":\"169\",\"title_src\":\"custom\",\"alt_src\":\"alt\",\"caption_src\":\"caption\",\"title\":\"CollAge\",\"alt\":\"\",\"caption\":\"\",\"link\":{\"text\":\"\",\"url\":\"\",\"target\":\"_self\"},\"tags\":[],\"author\":{\"id\":\"1\",\"name\":\"gigiadminaniko\",\"url\":\"http:\\\/\\\/yourtime.hu\"},\"slug\":\"8527e52a-d8c6-4d36-9e8a-7d421e8a817b\",\"date\":\"2024-09-24T19:29:17\",\"src\":\"http:\\\/\\\/yourtime.hu\\\/?p=169\",\"original\":\"http:\\\/\\\/yourtime.hu\\\/wp-content\\\/uploads\\\/2024\\\/09\\\/8527E52A-D8C6-4D36-9E8A-7D421E8A817B-scaled.jpeg\",\"comments\":{\"status\":\"open\",\"count\":\"0\"},\"copyright\":\"\",\"thumb\":[\"http:\\\/\\\/yourtime.hu\\\/wp-content\\\/uploads\\\/2024\\\/09\\\/8527E52A-D8C6-4D36-9E8A-7D421E8A817B-scaled-400x400.jpeg\",400,400,true],\"image\":[\"http:\\\/\\\/yourtime.hu\\\/wp-content\\\/uploads\\\/2024\\\/09\\\/8527E52A-D8C6-4D36-9E8A-7D421E8A817B-scaled-2200x2200.jpeg\",2200,2200,true],\"image_id\":169,\"resized\":true,\"file\":\"\\\/var\\\/www\\\/clients\\\/client1351\\\/web3429\\\/web\\\/gigikozmetikadebrecen.hu\\\/wp-content\\\/uploads\\\/2024\\\/09\\\/8527E52A-D8C6-4D36-9E8A-7D421E8A817B-scaled.jpeg\",\"meta\":[],\"tags_taxonomy\":\"media_tag\"},{\"type\":\"attachment\",\"subtype\":\"image\",\"status\":\"publish\",\"id\":\"168\",\"title_src\":\"custom\",\"alt_src\":\"alt\",\"caption_src\":\"caption\",\"title\":\"Mary Cohr New Youth\",\"alt\":\"\",\"caption\":\"\",\"link\":{\"text\":\"\",\"url\":\"\",\"target\":\"_self\"},\"tags\":[],\"author\":{\"id\":\"1\",\"name\":\"gigiadminaniko\",\"url\":\"http:\\\/\\\/yourtime.hu\"},\"slug\":\"dcef892b-4979-4fc5-a794-5d67dcf0374b\",\"date\":\"2024-09-24T19:29:11\",\"src\":\"http:\\\/\\\/yourtime.hu\\\/?p=168\",\"original\":\"http:\\\/\\\/yourtime.hu\\\/wp-content\\\/uploads\\\/2024\\\/09\\\/DCEF892B-4979-4FC5-A794-5D67DCF0374B-scaled.jpeg\",\"comments\":{\"status\":\"open\",\"count\":\"0\"},\"copyright\":\"\",\"thumb\":[\"http:\\\/\\\/yourtime.hu\\\/wp-content\\\/uploads\\\/2024\\\/09\\\/DCEF892B-4979-4FC5-A794-5D67DCF0374B-scaled-400x400.jpeg\",400,400,true],\"image\":[\"http:\\\/\\\/yourtime.hu\\\/wp-content\\\/uploads\\\/2024\\\/09\\\/DCEF892B-4979-4FC5-A794-5D67DCF0374B-scaled-2200x2200.jpeg\",2200,2200,true],\"image_id\":168,\"resized\":true,\"file\":\"\\\/var\\\/www\\\/clients\\\/client1351\\\/web3429\\\/web\\\/gigikozmetikadebrecen.hu\\\/wp-content\\\/uploads\\\/2024\\\/09\\\/DCEF892B-4979-4FC5-A794-5D67DCF0374B-scaled.jpeg\",\"meta\":[],\"tags_taxonomy\":\"media_tag\"},{\"type\":\"attachment\",\"subtype\":\"image\",\"status\":\"publish\",\"id\":\"248\",\"title_src\":\"custom\",\"alt_src\":\"alt\",\"caption_src\":\"caption\",\"title\":\"Dermapen mikrot\\u0171s halv\\u00e1ny\\u00edt\\u00f3 kezel\\u00e9s\",\"alt\":\"\",\"caption\":\"\",\"link\":{\"text\":\"\",\"url\":\"\",\"target\":\"_self\"},\"tags\":[],\"author\":{\"id\":\"1\",\"name\":\"gigiadminaniko\",\"url\":\"http:\\\/\\\/yourtime.hu\"},\"slug\":\"3e77c963-8b4c-4710-8c02-ad01414d4c2e\",\"date\":\"2024-10-23T18:45:35\",\"src\":\"http:\\\/\\\/yourtime.hu\\\/?p=248\",\"original\":\"http:\\\/\\\/yourtime.hu\\\/wp-content\\\/uploads\\\/2024\\\/09\\\/3E77C963-8B4C-4710-8C02-AD01414D4C2E-scaled.jpeg\",\"comments\":{\"status\":\"open\",\"count\":\"0\"},\"copyright\":\"\",\"thumb\":[\"http:\\\/\\\/yourtime.hu\\\/wp-content\\\/uploads\\\/2024\\\/09\\\/3E77C963-8B4C-4710-8C02-AD01414D4C2E-scaled-400x400.jpeg\",400,400,true],\"image\":[\"http:\\\/\\\/yourtime.hu\\\/wp-content\\\/uploads\\\/2024\\\/09\\\/3E77C963-8B4C-4710-8C02-AD01414D4C2E-scaled-2200x2200.jpeg\",2200,2200,true],\"image_id\":248,\"resized\":true,\"file\":\"\\\/var\\\/www\\\/clients\\\/client1351\\\/web3429\\\/web\\\/gigikozmetikadebrecen.hu\\\/wp-content\\\/uploads\\\/2024\\\/09\\\/3E77C963-8B4C-4710-8C02-AD01414D4C2E-scaled.jpeg\",\"meta\":[],\"tags_taxonomy\":\"media_tag\"}]<\/script>\n\t\t\t<script type=\"application\/json\" class=\"wg-json-settings\">{\"copyR_Protection\":1,\"copyR_Alert\":\"Hello, this photo is mine!\",\"sliderScrollNavi\":1,\"sliderNextPrevAnimation\":\"animation\",\"sliderBgColor\":\"rgba(0,0,0,0.9)\",\"sliderPreloaderColor\":\"rgba(255,255,255,1)\",\"sliderHeaderFooterBgColor\":\"rgba(0,0,0,0.4)\",\"sliderNavigationColor\":\"rgba(0,0,0,1)\",\"sliderNavigationColorOver\":\"rgba(255,255,255,1)\",\"sliderNavigationIconColor\":\"rgba(255,255,255,1)\",\"sliderNavigationIconColorOver\":\"rgba(0,0,0,1)\",\"sliderItemTitleEnable\":1,\"sliderItemTitleFontSize\":18,\"sliderItemTitleTextColor\":\"rgba(255,255,255,1)\",\"sliderItemDescriptionEnable\":1,\"sliderItemDescriptionFontSize\":16,\"sliderItemDescriptionTextColor\":\"rgba(255,255,255,0.8)\",\"infoBarExifEnable\":1,\"sliderThumbBarEnable\":1,\"sliderThumbBarHoverColor\":\"rgba(255,255,255,1)\",\"sliderPlayButton\":1,\"slideshowDelay\":8,\"slideshowProgressBarColor\":\"rgba(255,255,255,1)\",\"slideshowProgressBarBGColor\":\"rgba(255,255,255,0.6)\",\"sliderZoomButton\":1,\"sliderSocialShareEnabled\":1,\"sliderFullScreen\":1,\"sliderThumbSubMenuBackgroundColor\":\"rgba(0, 0, 0, 0)\",\"sliderThumbSubMenuIconColor\":\"rgba(255, 255, 255, 1)\",\"sliderThumbSubMenuBackgroundColorOver\":\"rgba(255, 255, 255, 1)\",\"sliderThumbSubMenuIconHoverColor\":\"rgba(0, 0, 0, 1)\",\"__lightbox\":\"woowlightbox\",\"collectionPreloaderColor\":\"rgba(180,180,180,1)\",\"collectionBgColor\":\"rgba(255,255,255,0)\",\"collectionThumbColumns\":3,\"collectionThumbRecomendedWidth\":200,\"thumbSpacing\":10,\"tagsFilter\":1,\"tagCloudAll\":\"All\",\"tagCloudTextColor\":\"rgba(0,0,0,1)\",\"tagCloudBgColor\":\"rgba(180,180,180,1)\",\"collectionThumbHoverColor\":\"rgba(0,0,0,0.5)\",\"collectionThumbTitleShow\":1,\"collectionThumbTitleColor\":\"rgba(0,0,0,1)\",\"collectionThumbFontSize\":18,\"collectionThumbDescriptionShow\":1,\"collectionThumbContentBGColor\":\"rgba(220,220,220,1)\",\"collectionThumbDescriptionColor\":\"rgba(0,0,0,1)\",\"collectionThumbDescriptionFontSize\":15,\"collectionReadMoreButtonShow\":1,\"collectionReadMoreButtonLabel\":\"Read More\",\"collectionReadMoreButtonFontSize\":12,\"collectionReadMoreButtonBGColor\":\"rgba(0,0,0,1)\",\"collectionReadMoreButtonBGColorHover\":\"rgba(180,180,180,1)\",\"collectionReadMoreButtonLabelColor\":\"rgba(255,255,255,1)\",\"collectionReadMoreButtonLabelColorHover\":\"rgba(0,0,0,1)\",\"shareBarBgColor\":\"rgba(0,0,0,0.9)\",\"shareBarIconColor\":\"rgba(255,255,255,1)\",\"shareBarFacebook\":1,\"shareBarTwitter\":1,\"shareBarPinterest\":1,\"shareBarDownload\":1,\"__skin\":\"amron\",\"lightBoxEnable\":1}<\/script>\n\t\t<\/div>\n\t\t<\/div><noscript><a href=\"http:\/\/yourtime.hu\/wp-content\/uploads\/2024\/09\/ACA70955-374A-41B8-BDB6-A1E2F261B070-scaled.jpeg\"><img class=\"skip-lazy no-lazyload\" data-lazy-src=\"\" src =\"http:\/\/yourtime.hu\/wp-content\/uploads\/2024\/09\/ACA70955-374A-41B8-BDB6-A1E2F261B070-scaled-1649x2200.jpeg\" width=\"1649\" height=\"2200\" title=\"Texture\" alt=\"\" \/><\/a><a href=\"http:\/\/yourtime.hu\/wp-content\/uploads\/2024\/09\/BDC37B7B-2867-4947-8F81-1E6D396EDA62-scaled.jpeg\"><img class=\"skip-lazy no-lazyload\" data-lazy-src=\"\" src =\"http:\/\/yourtime.hu\/wp-content\/uploads\/2024\/09\/BDC37B7B-2867-4947-8F81-1E6D396EDA62-scaled-2200x2200.jpeg\" width=\"2200\" height=\"2200\" title=\"B\u0151rcsiszol\u00e1s \u00e9s Bioplazma massz\u00e1zs\" alt=\"\" \/><\/a><a href=\"http:\/\/yourtime.hu\/wp-content\/uploads\/2024\/09\/8527E52A-D8C6-4D36-9E8A-7D421E8A817B-scaled.jpeg\"><img class=\"skip-lazy no-lazyload\" data-lazy-src=\"\" src =\"http:\/\/yourtime.hu\/wp-content\/uploads\/2024\/09\/8527E52A-D8C6-4D36-9E8A-7D421E8A817B-scaled-2200x2200.jpeg\" width=\"2200\" height=\"2200\" title=\"CollAge\" alt=\"\" \/><\/a><a href=\"http:\/\/yourtime.hu\/wp-content\/uploads\/2024\/09\/DCEF892B-4979-4FC5-A794-5D67DCF0374B-scaled.jpeg\"><img class=\"skip-lazy no-lazyload\" data-lazy-src=\"\" src =\"http:\/\/yourtime.hu\/wp-content\/uploads\/2024\/09\/DCEF892B-4979-4FC5-A794-5D67DCF0374B-scaled-2200x2200.jpeg\" width=\"2200\" height=\"2200\" title=\"Mary Cohr New Youth\" alt=\"\" \/><\/a><a href=\"http:\/\/yourtime.hu\/wp-content\/uploads\/2024\/09\/3E77C963-8B4C-4710-8C02-AD01414D4C2E-scaled.jpeg\"><img class=\"skip-lazy no-lazyload\" data-lazy-src=\"\" src =\"http:\/\/yourtime.hu\/wp-content\/uploads\/2024\/09\/3E77C963-8B4C-4710-8C02-AD01414D4C2E-scaled-2200x2200.jpeg\" width=\"2200\" height=\"2200\" title=\"Dermapen mikrot\u0171s halv\u00e1ny\u00edt\u00f3 kezel\u00e9s\" alt=\"\" \/><\/a><\/noscript>\n\n\n\n<hr class=\"wp-block-separator has-alpha-channel-opacity is-style-wide\"\/>\n\n\n\n<p><\/p>\n","protected":false},"excerpt":{"rendered":"<p>Kezel\u00e9sek<\/p>\n","protected":false},"author":1,"featured_media":0,"parent":0,"menu_order":0,"comment_status":"closed","ping_status":"closed","template":"","meta":{"footnotes":""},"class_list":["post-67","page","type-page","status-publish","hentry"],"jetpack_sharing_enabled":true,"_links":{"self":[{"href":"https:\/\/yourtime.hu\/index.php?rest_route=\/wp\/v2\/pages\/67","targetHints":{"allow":["GET"]}}],"collection":[{"href":"https:\/\/yourtime.hu\/index.php?rest_route=\/wp\/v2\/pages"}],"about":[{"href":"https:\/\/yourtime.hu\/index.php?rest_route=\/wp\/v2\/types\/page"}],"author":[{"embeddable":true,"href":"https:\/\/yourtime.hu\/index.php?rest_route=\/wp\/v2\/users\/1"}],"replies":[{"embeddable":true,"href":"https:\/\/yourtime.hu\/index.php?rest_route=%2Fwp%2Fv2%2Fcomments&post=67"}],"version-history":[{"count":11,"href":"https:\/\/yourtime.hu\/index.php?rest_route=\/wp\/v2\/pages\/67\/revisions"}],"predecessor-version":[{"id":403,"href":"https:\/\/yourtime.hu\/index.php?rest_route=\/wp\/v2\/pages\/67\/revisions\/403"}],"wp:attachment":[{"href":"https:\/\/yourtime.hu\/index.php?rest_route=%2Fwp%2Fv2%2Fmedia&parent=67"}],"curies":[{"name":"wp","href":"https:\/\/api.w.org\/{rel}","templated":true}]}}