{"id":344,"date":"2026-03-28T20:55:52","date_gmt":"2026-03-28T20:55:52","guid":{"rendered":"http:\/\/gigikozmetikadebrecen.hu\/?page_id=344"},"modified":"2026-03-30T19:04:42","modified_gmt":"2026-03-30T19:04:42","slug":"gigi-manualis","status":"publish","type":"page","link":"https:\/\/yourtime.hu\/?page_id=344","title":{"rendered":"GIGI manualis"},"content":{"rendered":"\n<p>A GIGI egy professzion\u00e1lis izraeli b\u0151r\u00e1pol\u00e1si m\u00e1rka, ami igen er\u0151s dermatol\u00f3giai \u00e9s tudom\u00e1nyos h\u00e1tt\u00e9rrel rendelkezik. K\u00fcl\u00f6nlegess\u00e9ge, hogy tudom\u00e1nyos alapokon, laborat\u00f3riumi kutat\u00e1sokkal fejleszti kozmetikumait. Gyakran gy\u00f3gyszer\u00e9szeti hat\u00f3anyagok felhaszn\u00e1l\u00e1s\u00e1val.<\/p>\n\n\n\n<p><strong>FELN\u0150TT KEZEL\u00c9S<\/strong> (ARC)&nbsp;&nbsp;1 \u00f3ra 30 perc<\/p>\n\n\n\n<p>Ez a m\u00e9lytiszt\u00edt\u00f3 kozmetikai kezel\u00e9s a GIGI professzion\u00e1lis faggy\u00famirigy szab\u00e1lyz\u00f3, b\u0151rmeg\u00faj\u00edt\u00f3 savainval,&nbsp;&nbsp;&nbsp;manu\u00e1lis tiszt\u00edt\u00f3 elj\u00e1r\u00e1s \u00fatj\u00e1n seg\u00edt a p\u00f3rusok kitiszt\u00edt\u00e1s\u00e1ban \u00e9s a b\u0151r \u00e1llapot\u00e1nak jav\u00edt\u00e1s\u00e1ban.<\/p>\n\n\n\n<p>A tiszt\u00edt\u00e1s ut\u00e1n magas hat\u00f3anyag tartalm\u00fa sz\u00e9rumokat, kr\u00e9meket juttatunk be a b\u0151rbe g\u00e9pi elj\u00e1r\u00e1s \u00fatj\u00e1n, mellyel jav\u00edtjuk a b\u0151r hidrat\u00e1lts\u00e1g\u00e1t, feszess\u00e9g\u00e9t.<\/p>\n\n\n\n<p>-Aj\u00e1nlott: 4 hetente (ez egy\u00e9nileg v\u00e1ltozhat)<\/p>\n\n\n\n<p>-B\u0151rt\u00edpus: minden b\u0151r<\/p>\n\n\n\n<p>-Hat\u00e1s: tiszta, faggy\u00fa mentes p\u00f3rusok<\/p>\n\n\n\n<p>&nbsp; &nbsp; &nbsp; &nbsp; &nbsp; &nbsp; &nbsp;&nbsp;faggy\u00famirigy m\u0171k\u00f6d\u00e9s szab\u00e1lyoz\u00e1sa<\/p>\n\n\n\n<p>&nbsp; &nbsp; &nbsp; &nbsp; &nbsp; &nbsp; &nbsp;&nbsp;gyullad\u00e1s cs\u00f6kkent\u00e9s<\/p>\n\n\n\n<p>&nbsp; &nbsp; &nbsp; &nbsp; &nbsp; &nbsp; &nbsp;&nbsp;b\u0151rt\u00e1pl\u00e1l\u00e1s<\/p>\n\n\n\n<p>&nbsp; &nbsp; &nbsp; &nbsp; &nbsp; &nbsp; &nbsp;&nbsp;hidrat\u00e1ci\u00f3 fokoz\u00e1s<\/p>\n\n\n\n<p>-Javallat: miteszeres b\u0151r<\/p>\n\n\n\n<p>&nbsp;&nbsp; &nbsp; &nbsp; &nbsp; &nbsp; &nbsp; &nbsp; &nbsp;&nbsp;f\u00e1radt, fak\u00f3 b\u0151r<\/p>\n\n\n\n<p>-Ellenjavallat: akt\u00edv b\u0151rgyullad\u00e1s, b\u0151rfert\u0151z\u00e9s<\/p>\n\n\n\n<p>&nbsp;&nbsp; &nbsp; &nbsp; &nbsp; &nbsp; &nbsp; &nbsp; &nbsp; &nbsp; &nbsp; &nbsp; &nbsp;&nbsp;herpesz<\/p>\n\n\n\n<p><strong>TINI KEZEL\u00c9S+ PLAZMA<\/strong> (ARC)&nbsp;&nbsp;&nbsp;1 \u00f3ra 15 perc<\/p>\n\n\n\n<p>A GIGI professzion\u00e1lis faggy\u00famirigy szab\u00e1lyz\u00f3, b\u0151rmeg\u00faj\u00edt\u00f3 savas el\u0151k\u00e9sz\u00edt\u00e9s\u00e9vel, g\u0151z\u00f6l\u00e9s ut\u00e1n v\u00e9gz\u00fcnk egy manu\u00e1lis p\u00f3rustiszt\u00edt\u00e1st. Amit a GIGI PLAZMA G g\u00e9p\u00e9nek plazma funkci\u00f3j\u00e1val folytatunk.<\/p>\n\n\n\n<p>A PLAZMA (ioniz\u00e1lt g\u00e1z sug\u00e1r) kiv\u00e1l\u00f3 antibakteri\u00e1lis, gyullad\u00e1scs\u00f6kkent\u0151, kollag\u00e9n stimul\u00e1l\u00f3, regener\u00e1l\u00f3 tulajdons\u00e1g\u00fa elj\u00e1r\u00e1s.<\/p>\n\n\n\n<p>Az \u00e9ppen aktu\u00e1lis gyullad\u00e1st m\u00e9rs\u00e9kli, valamit a m\u00e1r megl\u00e9v\u0151 akne hegeket is sz\u00e9pen gy\u00f3gy\u00edtja.<\/p>\n\n\n\n<p>A kezel\u00e9st gyullad\u00e1s cs\u00f6kkent\u0151 sz\u00e9rummal, p\u00f3rus\u00f6sszeh\u00faz\u00f3 maszkkal, hidrat\u00e1l\u00e1ssal folytatjuk, amit f\u00e9nyv\u00e9delemmel z\u00e1runk.<\/p>\n\n\n\n<p>-Aj\u00e1nlott: 3-4 hetente (ez egy\u00e9nileg v\u00e1ltozhat)<\/p>\n\n\n\n<p>-B\u0151rt\u00edpus: kombin\u00e1lt b\u0151r<\/p>\n\n\n\n<p>&nbsp; &nbsp; &nbsp; &nbsp; &nbsp; &nbsp; &nbsp; &nbsp; &nbsp;&nbsp;zs\u00edros, probl\u00e9m\u00e1s b\u0151r<\/p>\n\n\n\n<p>&nbsp; &nbsp; &nbsp; &nbsp; &nbsp; &nbsp; &nbsp; &nbsp; &nbsp;&nbsp;miteszeres,&nbsp;&nbsp;pattan\u00e1sos b\u0151r<\/p>\n\n\n\n<p>-Hat\u00e1s: tiszta, faggy\u00fa mentes p\u00f3rusok<\/p>\n\n\n\n<p>&nbsp; &nbsp; &nbsp; &nbsp; &nbsp; &nbsp; &nbsp;&nbsp;faggy\u00fam\u0171k\u00f6d\u00e9s szab\u00e1lyoz\u00e1sa<\/p>\n\n\n\n<p>&nbsp; &nbsp; &nbsp; &nbsp; &nbsp; &nbsp; &nbsp;&nbsp;gyullad\u00e1s cs\u00f6kkent\u00e9s<\/p>\n\n\n\n<p>&nbsp; &nbsp; &nbsp; &nbsp; &nbsp; &nbsp; &nbsp;&nbsp;hidrat\u00e1ci\u00f3 fokoz\u00e1s<\/p>\n\n\n\n<p>-Javallat: miteszeres, pattan\u00e1sos b\u0151r<\/p>\n\n\n\n<p>-Ellenjavallat: akt\u00edv b\u0151rgyullad\u00e1s, fert\u0151z\u00e9s<\/p>\n\n\n\n<p>&nbsp; &nbsp; &nbsp; &nbsp; &nbsp; &nbsp; &nbsp; &nbsp; &nbsp; &nbsp; &nbsp; &nbsp;&nbsp;herpesz<\/p>\n\n\n\n<p><strong>TINI ALAP KEZEL\u00c9S<\/strong> (ARC) 1 \u00f3ra<\/p>\n\n\n\n<p>A GIGI professzion\u00e1lis faggy\u00famirigy szab\u00e1lyz\u00f3, b\u0151rmeg\u00faj\u00edt\u00f3 savas el\u0151k\u00e9sz\u00edt\u00e9s\u00e9vel, g\u0151z\u00f6l\u00e9s ut\u00e1n v\u00e9gz\u00fcnk egy manu\u00e1lis p\u00f3rustiszt\u00edt\u00e1st.<\/p>\n\n\n\n<p>Amit gyullad\u00e1s cs\u00f6kkent\u0151 sz\u00e9rummal, \u00f6sszeh\u00faz\u00f3 pakol\u00e1ssal, hidrat\u00e1l\u00e1ssal folytatunk \u00e9s f\u00e9nyv\u00e9delemmel z\u00e1runk.<\/p>\n\n\n\n<p>-Aj\u00e1nlott: 3-4 hetente (ez egy\u00e9nileg v\u00e1ltozhat)<\/p>\n\n\n\n<p>-B\u0151rt\u00edpus: kombin\u00e1lt b\u0151r<\/p>\n\n\n\n<p>&nbsp; &nbsp; &nbsp; &nbsp; &nbsp; &nbsp; &nbsp; &nbsp; &nbsp;&nbsp;zs\u00edros, probl\u00e9m\u00e1s b\u0151r<\/p>\n\n\n\n<p>&nbsp; &nbsp; &nbsp; &nbsp; &nbsp; &nbsp; &nbsp; &nbsp; &nbsp;&nbsp;miteszeres, pattan\u00e1sos b\u0151r<\/p>\n\n\n\n<p>-Hat\u00e1s: tiszta, faggy\u00fa mentes p\u00f3rusok<\/p>\n\n\n\n<p>&nbsp; &nbsp; &nbsp; &nbsp; &nbsp; &nbsp; &nbsp;&nbsp;faggy\u00fam\u0171k\u00f6d\u00e9s szab\u00e1lyoz\u00e1s&nbsp; &nbsp;<\/p>\n\n\n\n<p>&nbsp; &nbsp; &nbsp; &nbsp; &nbsp; &nbsp; &nbsp;&nbsp;gyullad\u00e1s cs\u00f6kkent\u00e9s<\/p>\n\n\n\n<p>&nbsp; &nbsp; &nbsp; &nbsp; &nbsp; &nbsp; &nbsp;&nbsp;hidrat\u00e1ci\u00f3 fokoz\u00e1s<\/p>\n\n\n\n<p>-Javallat: miteszeres, pattan\u00e1sos b\u0151r<\/p>\n\n\n\n<p>-Ellenjavallat: akt\u00edv b\u0151rgyullad\u00e1s, b\u0151rfert\u0151z\u00e9s<\/p>\n\n\n\n<p>&nbsp;&nbsp; &nbsp; &nbsp; &nbsp; &nbsp; &nbsp; &nbsp; &nbsp; &nbsp; &nbsp; &nbsp; &nbsp;&nbsp;herpesz<\/p>\n","protected":false},"excerpt":{"rendered":"<p>A GIGI egy professzion\u00e1lis izraeli b\u0151r\u00e1pol\u00e1si m\u00e1rka, ami igen er\u0151s dermatol\u00f3giai \u00e9s tudom\u00e1nyos h\u00e1tt\u00e9rrel rendelkezik. K\u00fcl\u00f6nlegess\u00e9ge, hogy tudom\u00e1nyos alapokon, laborat\u00f3riumi kutat\u00e1sokkal fejleszti kozmetikumait. Gyakran gy\u00f3gyszer\u00e9szeti hat\u00f3anyagok felhaszn\u00e1l\u00e1s\u00e1val. FELN\u0150TT KEZEL\u00c9S (ARC)&nbsp;&nbsp;1&hellip;<\/p>\n","protected":false},"author":1,"featured_media":0,"parent":0,"menu_order":0,"comment_status":"closed","ping_status":"closed","template":"","meta":{"footnotes":""},"class_list":["post-344","page","type-page","status-publish","hentry"],"jetpack_sharing_enabled":true,"_links":{"self":[{"href":"https:\/\/yourtime.hu\/index.php?rest_route=\/wp\/v2\/pages\/344","targetHints":{"allow":["GET"]}}],"collection":[{"href":"https:\/\/yourtime.hu\/index.php?rest_route=\/wp\/v2\/pages"}],"about":[{"href":"https:\/\/yourtime.hu\/index.php?rest_route=\/wp\/v2\/types\/page"}],"author":[{"embeddable":true,"href":"https:\/\/yourtime.hu\/index.php?rest_route=\/wp\/v2\/users\/1"}],"replies":[{"embeddable":true,"href":"https:\/\/yourtime.hu\/index.php?rest_route=%2Fwp%2Fv2%2Fcomments&post=344"}],"version-history":[{"count":4,"href":"https:\/\/yourtime.hu\/index.php?rest_route=\/wp\/v2\/pages\/344\/revisions"}],"predecessor-version":[{"id":407,"href":"https:\/\/yourtime.hu\/index.php?rest_route=\/wp\/v2\/pages\/344\/revisions\/407"}],"wp:attachment":[{"href":"https:\/\/yourtime.hu\/index.php?rest_route=%2Fwp%2Fv2%2Fmedia&parent=344"}],"curies":[{"name":"wp","href":"https:\/\/api.w.org\/{rel}","templated":true}]}}