{"id":342,"date":"2026-03-28T20:55:52","date_gmt":"2026-03-28T20:55:52","guid":{"rendered":"http:\/\/gigikozmetikadebrecen.hu\/?page_id=342"},"modified":"2026-03-29T19:07:28","modified_gmt":"2026-03-29T19:07:28","slug":"hydra-beauty-gepi","status":"publish","type":"page","link":"https:\/\/yourtime.hu\/?page_id=342","title":{"rendered":"Hydra beauty g\u00e9pi"},"content":{"rendered":"\n<p>A HYDRA BEAUTY g\u00e9p egy olyan\u00a0\u00a0modern , t\u00f6bb\u00a0\u00a0funkci\u00f3s\u00a0\u00a0hidrodermabr\u00e1zi\u00f3s , v\u00e1kuumos tiszt\u00edt\u00f3\u00a0\u00a0arckezel\u0151 k\u00e9sz\u00fcl\u00e9k, amellyel\u00a0\u00a0b\u0151rtiszt\u00edt\u00e1s, hidrat\u00e1l\u00e1s \u00e9s b\u0151rmeg\u00faj\u00edt\u00e1s v\u00e9gezhet\u0151.<\/p>\n\n\n\n<p><strong>FELN\u0150TT EXTRA\u00a0\u00a0KEZEL\u00c9S<\/strong> (arc, nyak,dek)\u00a0\u00a0120 perc<\/p>\n\n\n\n<p>Ez a feln\u0151tt g\u00e9pi tiszt\u00edt\u00f3 kezel\u00e9s egy komplex elj\u00e1r\u00e1s a miteszerek elt\u00e1vol\u00edt\u00e1s\u00e1ra valamint a b\u0151r fiatal\u00edt\u00e1s\u00e1ra.<\/p>\n\n\n\n<p>A kezel\u00e9s t\u00f6bb g\u00e9pi m\u0171veletet&nbsp;&nbsp;tartalmaz. Mint p\u00e9ld\u00e1ul a hidrodermabr\u00e1zi\u00f3t, v\u00e1kuumos tiszt\u00edt\u00e1st, oxysprayt valamint g\u00e9pi hat\u00f3anyag bevitelt, egy\u00e9nre szabott hat\u00f3anyag komplexek kiv\u00e1laszt\u00e1s\u00e1val.<\/p>\n\n\n\n<p>Valamint speci\u00e1lis maszk+ LED ter\u00e1pia befejez\u00e9s\u00e9vel.<\/p>\n\n\n\n<p>-Aj\u00e1nlott : 4 hetente (egy\u00e9nileg v\u00e1ltozhat)<\/p>\n\n\n\n<p>-B\u0151rt\u00edpus: kombin\u00e1l b\u0151r<\/p>\n\n\n\n<p>&nbsp; &nbsp; &nbsp; &nbsp; &nbsp; &nbsp; &nbsp; &nbsp; &nbsp;&nbsp;zs\u00edros, probl\u00e9m\u00e1s b\u0151r<\/p>\n\n\n\n<p>-Hat\u00e1s: tiszta, faggy\u00fa mentes p\u00f3rusok<\/p>\n\n\n\n<p>&nbsp; &nbsp; &nbsp; &nbsp; &nbsp; &nbsp; &nbsp;&nbsp;faggy\u00famiirigy m\u0171k\u00f6d\u00e9s szab\u00e1lyoz\u00e1sa<\/p>\n\n\n\n<p>&nbsp; &nbsp; &nbsp; &nbsp; &nbsp; &nbsp; &nbsp;&nbsp;gyullad\u00e1s cs\u00f6kkent\u00e9s<\/p>\n\n\n\n<p>&nbsp; &nbsp; &nbsp; &nbsp; &nbsp; &nbsp; &nbsp;&nbsp;hidrat\u00e1lts\u00e1g fokoz\u00e1s<\/p>\n\n\n\n<p>&nbsp; &nbsp; &nbsp; &nbsp; &nbsp; &nbsp; &nbsp;&nbsp;b\u0151rfelsz\u00edn egyenletes\u00edt\u00e9s<\/p>\n\n\n\n<p>&nbsp; &nbsp; &nbsp; &nbsp; &nbsp; &nbsp; &nbsp;&nbsp;arc, nyak, dekolt\u00e1zs feszes\u00edt\u00e9s<\/p>\n\n\n\n<p>-Javallat: miteszeres b\u0151r<\/p>\n\n\n\n<p>&nbsp; &nbsp; &nbsp; &nbsp; &nbsp; &nbsp; &nbsp; &nbsp; &nbsp;&nbsp;f\u00e1radt, fak\u00f3, sz\u00e1raz b\u0151r<\/p>\n\n\n\n<p>-Ellenjavallat: akt\u00edv b\u0151rgyullad\u00e1s, b\u0151rfert\u0151z\u00e9s<\/p>\n\n\n\n<p>&nbsp;&nbsp; &nbsp; &nbsp; &nbsp; &nbsp; &nbsp; &nbsp; &nbsp; &nbsp; &nbsp; &nbsp; &nbsp;&nbsp;herpesz<\/p>\n\n\n\n<p><strong>FELN\u0150TT KEZEL\u00c9S<\/strong> (arc) 90 perc<\/p>\n\n\n\n<p>Ez az elj\u00e1r\u00e1s az el\u0151z\u0151 kezel\u00e9shez hasonl\u00f3an tartalmaz minden g\u00e9pi elj\u00e1r\u00e1st az arcra \u00f6sszpontos\u00edtva.<\/p>\n\n\n\n<p>Ami egy f\u00e1tyol maszkos COLD ter\u00e1pi\u00e1val z\u00e1rul.<\/p>\n\n\n\n<p>-Aj\u00e1nlott: 4 hetente (egy\u00e9nileg v\u00e1ltozhat)<\/p>\n\n\n\n<p>-B\u0151rt\u00edpus: kombin\u00e1lt&nbsp;&nbsp;b\u0151r<\/p>\n\n\n\n<p>&nbsp; &nbsp; &nbsp; &nbsp; &nbsp; &nbsp; &nbsp; &nbsp; &nbsp;&nbsp;zs\u00edros, probl\u00e9m\u00e1s b\u0151r<\/p>\n\n\n\n<p>-Hat\u00e1s: tiszta, faggy\u00fa mentes p\u00f3rusok<\/p>\n\n\n\n<p>&nbsp; &nbsp; &nbsp; &nbsp; &nbsp; &nbsp; &nbsp;&nbsp;faggy\u00famirigy m\u0171k\u00f6d\u00e9s szab\u00e1lyoz\u00e1sa<\/p>\n\n\n\n<p>&nbsp; &nbsp; &nbsp; &nbsp; &nbsp; &nbsp; &nbsp;&nbsp;gyullad\u00e1s cs\u00f6kkent\u00e9s<\/p>\n\n\n\n<p>&nbsp; &nbsp; &nbsp; &nbsp; &nbsp; &nbsp; &nbsp;&nbsp;hidrat\u00e1lts\u00e1g fokoz\u00e1s<\/p>\n\n\n\n<p>&nbsp; &nbsp; &nbsp; &nbsp; &nbsp; &nbsp; &nbsp;&nbsp;b\u0151rfelsz\u00edn egyenletes\u00edt\u00e9s<\/p>\n\n\n\n<p>-Javallat: miteszeres b\u0151r<\/p>\n\n\n\n<p>&nbsp;&nbsp; &nbsp; &nbsp; &nbsp; &nbsp; &nbsp; &nbsp; &nbsp;&nbsp;F\u00e1radt, fak\u00f3, sz\u00e1raz b\u0151r<\/p>\n\n\n\n<p>-Ellenjavallat: akt\u00edv b\u0151rgyullad\u00e1s, b\u0151rfert\u0151z\u00e9s<\/p>\n\n\n\n<p>&nbsp; &nbsp; &nbsp; &nbsp; &nbsp; &nbsp; &nbsp; &nbsp; &nbsp; &nbsp; &nbsp; &nbsp;&nbsp;herpesz<\/p>\n\n\n\n<p><strong>TINI KEZEL\u00c9S<\/strong>\u00a0\u00a01 \u00f3ra<\/p>\n\n\n\n<p>A tini tiszt\u00edt\u00f3 kezel\u00e9s kifejezetten serd\u00fcl\u0151k b\u0151r\u00e9re van szabva. Enn\u00e9l a g\u00e9pi kezel\u00e9sn\u00e9l hidrabr\u00e1zi\u00f3t, v\u00e1kuumos p\u00f3rus tiszt\u00edt\u00e1st, gyullad\u00e1s cs\u00f6kkent\u0151 oxysprayt alkalmazunk, melyet egy gyullad\u00e1s cs\u00f6kkent\u0151 pakol\u00e1ssal \u00e9s finom hidrat\u00e1l\u00e1ssal z\u00e1runk.<\/p>\n\n\n\n<p>-Aj\u00e1nlott: 4-6 hetente (ez egy\u00e9nileg v\u00e1ltozhat)<\/p>\n\n\n\n<p>-B\u0151rt\u00edpus: kombin\u00e1lt b\u0151r<\/p>\n\n\n\n<p>&nbsp;&nbsp; &nbsp; &nbsp; &nbsp; &nbsp; &nbsp; &nbsp; &nbsp; &nbsp;&nbsp;zs\u00edros, probl\u00e9m\u00e1s b\u0151r<\/p>\n\n\n\n<p>&nbsp;&nbsp; &nbsp; &nbsp; &nbsp; &nbsp; &nbsp; &nbsp; &nbsp; &nbsp;&nbsp;enyh\u00e9n pattan\u00e1sos, miteszeres b\u0151r<\/p>\n\n\n\n<p>-Hat\u00e1s:&nbsp;&nbsp;tiszta, faggy\u00fa mentes p\u00f3rusok<\/p>\n\n\n\n<p>&nbsp;&nbsp; &nbsp; &nbsp; &nbsp; &nbsp; &nbsp; &nbsp;&nbsp;faggy\u00famirigy m\u0171k\u00f6d\u00e9s szab\u00e1lyoz\u00e1sa<\/p>\n\n\n\n<p>&nbsp;&nbsp; &nbsp; &nbsp; &nbsp; &nbsp; &nbsp; &nbsp;&nbsp;gyullad\u00e1s cs\u00f6kkent\u00e9s<\/p>\n\n\n\n<p>&nbsp;&nbsp; &nbsp; &nbsp; &nbsp; &nbsp; &nbsp; &nbsp;&nbsp;hidrat\u00e1ci\u00f3 fokoz\u00e1s<\/p>\n\n\n\n<p>-Javallat: miteszeres, enyh\u00e9n pattan\u00e1sos b\u0151r<\/p>\n\n\n\n<p>-Ellenjavallat: akt\u00edv b\u0151rgyullad\u00e1s, b\u0151rfert\u0151z\u00e9s<\/p>\n\n\n\n<p>&nbsp; &nbsp; &nbsp; &nbsp; &nbsp; &nbsp; &nbsp; &nbsp; &nbsp; &nbsp; &nbsp; &nbsp;&nbsp;Herpesz<\/p>\n","protected":false},"excerpt":{"rendered":"<p>A HYDRA BEAUTY g\u00e9p egy olyan\u00a0\u00a0modern , t\u00f6bb\u00a0\u00a0funkci\u00f3s\u00a0\u00a0hidrodermabr\u00e1zi\u00f3s , v\u00e1kuumos tiszt\u00edt\u00f3\u00a0\u00a0arckezel\u0151 k\u00e9sz\u00fcl\u00e9k, amellyel\u00a0\u00a0b\u0151rtiszt\u00edt\u00e1s, hidrat\u00e1l\u00e1s \u00e9s b\u0151rmeg\u00faj\u00edt\u00e1s v\u00e9gezhet\u0151. FELN\u0150TT EXTRA\u00a0\u00a0KEZEL\u00c9S (arc, nyak,dek)\u00a0\u00a0120 perc Ez a feln\u0151tt g\u00e9pi tiszt\u00edt\u00f3 kezel\u00e9s egy komplex&hellip;<\/p>\n","protected":false},"author":1,"featured_media":0,"parent":0,"menu_order":0,"comment_status":"closed","ping_status":"closed","template":"","meta":{"footnotes":""},"class_list":["post-342","page","type-page","status-publish","hentry"],"jetpack_sharing_enabled":true,"_links":{"self":[{"href":"https:\/\/yourtime.hu\/index.php?rest_route=\/wp\/v2\/pages\/342","targetHints":{"allow":["GET"]}}],"collection":[{"href":"https:\/\/yourtime.hu\/index.php?rest_route=\/wp\/v2\/pages"}],"about":[{"href":"https:\/\/yourtime.hu\/index.php?rest_route=\/wp\/v2\/types\/page"}],"author":[{"embeddable":true,"href":"https:\/\/yourtime.hu\/index.php?rest_route=\/wp\/v2\/users\/1"}],"replies":[{"embeddable":true,"href":"https:\/\/yourtime.hu\/index.php?rest_route=%2Fwp%2Fv2%2Fcomments&post=342"}],"version-history":[{"count":4,"href":"https:\/\/yourtime.hu\/index.php?rest_route=\/wp\/v2\/pages\/342\/revisions"}],"predecessor-version":[{"id":395,"href":"https:\/\/yourtime.hu\/index.php?rest_route=\/wp\/v2\/pages\/342\/revisions\/395"}],"wp:attachment":[{"href":"https:\/\/yourtime.hu\/index.php?rest_route=%2Fwp%2Fv2%2Fmedia&parent=342"}],"curies":[{"name":"wp","href":"https:\/\/api.w.org\/{rel}","templated":true}]}}