{"id":33,"date":"2024-09-05T16:10:26","date_gmt":"2024-09-05T16:10:26","guid":{"rendered":"http:\/\/gigikozmetikadebrecen.hu\/?page_id=33"},"modified":"2026-04-03T16:21:27","modified_gmt":"2026-04-03T16:21:27","slug":"1-2","status":"publish","type":"page","link":"https:\/\/yourtime.hu\/?page_id=33","title":{"rendered":"Bemutatkoz\u00e1s"},"content":{"rendered":"\n<h2 class=\"wp-block-heading has-text-align-center\">Balogh Anik\u00f3<\/h2>\n\n\n\n<p>Szenved\u00e9lyem a sz\u00e9ps\u00e9g\u00e1pol\u00e1s \u00e9s a b\u0151r eg\u00e9szs\u00e9g\u00e9nek t\u00e1mogat\u00e1sa. C\u00e9lom, hogy a vend\u00e9geim sz\u00e1m\u00e1ra ne csak l\u00e1tv\u00e1nyos eredm\u00e9nyeket, hanem val\u00f3di hossz\u00fat\u00e1v\u00fa megold\u00e1sokat ny\u00fajtsak.<\/p>\n\n\n\n<p>Munk\u00e1m sor\u00e1n kiemelten fontosnak tartom a szem\u00e9lyre szabott kezel\u00e9seket, hiszen minden b\u0151r egyedi,\u00e9s k\u00fcl\u00f6n figyelmet ig\u00e9nyel.Professzion\u00e1lis kozmetikumokkal \u00e9s modern technol\u00f3gi\u00e1kkal dolgozom, hogy a lehet\u0151 legjobb eredm\u00e9nyt \u00e9rjem el. Legyen sz\u00f3 b\u0151rmeg\u00faj\u00edt\u00e1sr\u00f3l vagy probl\u00e9m\u00e1s b\u0151r kezel\u00e9s\u00e9r\u0151l.<\/p>\n\n\n\n<p>Hiszek abban, hogy a sz\u00e9ps\u00e9g az eg\u00e9szs\u00e9ges b\u0151rn\u00e9l kezd\u0151dik. Ez\u00e9rt nemcsak kezel\u00e9seket v\u00e9gzek, hanem seg\u00edtek eligazodni az otthoni b\u0151r\u00e1pol\u00e1s vil\u00e1g\u00e1ban is.<\/p>\n\n\n\n<p>Fontos sz\u00e1momra a folyamatos fejl\u0151d\u00e9s, ez\u00e9rt rendszeresen k\u00e9pzem magam, \u00e9s k\u00f6vetem a leg\u00fajabb kozmetikai trendeket \u00e9s technol\u00f3gi\u00e1kat.<\/p>\n\n\n\n<p>Gyere \u00e9s \u00e9ld \u00e1t velem a meg\u00fajul\u00e1s \u00e9lm\u00e9ny\u00e9t!<\/p>\n\n\n\n<div id=\"wg_212_17767648915994\" class=\"woowgallery-wrapper wg-id-212 type-woowgallery\" itemscope itemtype=\"http:\/\/schema.org\/ImageGallery\">\t\t<div class='woowgallery-amron'>\n\t\t\t<script type=\"application\/json\" class=\"wg-json-content\">[{\"type\":\"attachment\",\"subtype\":\"image\",\"status\":\"publish\",\"id\":\"207\",\"title_src\":\"custom\",\"alt_src\":\"alt\",\"caption_src\":\"caption\",\"title\":\"Mesterlev\\u00e9l\",\"alt\":\"\",\"caption\":\"\",\"link\":{\"text\":\"\",\"url\":\"\",\"target\":\"_self\"},\"tags\":[],\"author\":{\"id\":\"1\",\"name\":\"gigiadminaniko\",\"url\":\"http:\\\/\\\/yourtime.hu\"},\"slug\":\"unnamed\",\"date\":\"2024-10-01T19:30:03\",\"src\":\"http:\\\/\\\/yourtime.hu\\\/?p=207\",\"original\":\"http:\\\/\\\/yourtime.hu\\\/wp-content\\\/uploads\\\/2024\\\/10\\\/unnamed-scaled.jpg\",\"comments\":{\"status\":\"open\",\"count\":\"0\"},\"copyright\":\"\",\"thumb\":[\"http:\\\/\\\/yourtime.hu\\\/wp-content\\\/uploads\\\/2024\\\/10\\\/unnamed-scaled-400x300.jpg\",400,300,true],\"image\":[\"http:\\\/\\\/yourtime.hu\\\/wp-content\\\/uploads\\\/2024\\\/10\\\/unnamed-scaled-2200x1650.jpg\",2200,1650,true],\"image_id\":207,\"resized\":true,\"file\":\"\\\/var\\\/www\\\/clients\\\/client1351\\\/web3429\\\/web\\\/gigikozmetikadebrecen.hu\\\/wp-content\\\/uploads\\\/2024\\\/10\\\/unnamed-scaled.jpg\",\"meta\":[],\"tags_taxonomy\":\"media_tag\"},{\"type\":\"attachment\",\"subtype\":\"image\",\"status\":\"publish\",\"id\":\"208\",\"title_src\":\"custom\",\"alt_src\":\"alt\",\"caption_src\":\"caption\",\"title\":\"GIGI oklevelek\",\"alt\":\"\",\"caption\":\"\",\"link\":{\"text\":\"\",\"url\":\"\",\"target\":\"_self\"},\"tags\":[],\"author\":{\"id\":\"1\",\"name\":\"gigiadminaniko\",\"url\":\"http:\\\/\\\/yourtime.hu\"},\"slug\":\"unnamed-4\",\"date\":\"2024-10-01T19:30:08\",\"src\":\"http:\\\/\\\/yourtime.hu\\\/?p=208\",\"original\":\"http:\\\/\\\/yourtime.hu\\\/wp-content\\\/uploads\\\/2024\\\/10\\\/unnamed-4-scaled.jpg\",\"comments\":{\"status\":\"open\",\"count\":\"0\"},\"copyright\":\"\",\"thumb\":[\"http:\\\/\\\/yourtime.hu\\\/wp-content\\\/uploads\\\/2024\\\/10\\\/unnamed-4-scaled-400x533.jpg\",400,533,true],\"image\":[\"http:\\\/\\\/yourtime.hu\\\/wp-content\\\/uploads\\\/2024\\\/10\\\/unnamed-4-scaled-1650x2200.jpg\",1650,2200,true],\"image_id\":208,\"resized\":true,\"file\":\"\\\/var\\\/www\\\/clients\\\/client1351\\\/web3429\\\/web\\\/gigikozmetikadebrecen.hu\\\/wp-content\\\/uploads\\\/2024\\\/10\\\/unnamed-4-scaled.jpg\",\"meta\":[],\"tags_taxonomy\":\"media_tag\"},{\"type\":\"attachment\",\"subtype\":\"image\",\"status\":\"publish\",\"id\":\"211\",\"title_src\":\"custom\",\"alt_src\":\"alt\",\"caption_src\":\"caption\",\"title\":\"Kiv\\u00e1l\\u00f3 kozmetikus d\\u00edj\",\"alt\":\"\",\"caption\":\"\",\"link\":{\"text\":\"\",\"url\":\"\",\"target\":\"_self\"},\"tags\":[],\"author\":{\"id\":\"1\",\"name\":\"gigiadminaniko\",\"url\":\"http:\\\/\\\/yourtime.hu\"},\"slug\":\"unnamed-1\",\"date\":\"2024-10-01T19:30:25\",\"src\":\"http:\\\/\\\/yourtime.hu\\\/?p=211\",\"original\":\"http:\\\/\\\/yourtime.hu\\\/wp-content\\\/uploads\\\/2024\\\/10\\\/unnamed-1-scaled.jpg\",\"comments\":{\"status\":\"open\",\"count\":\"0\"},\"copyright\":\"\",\"thumb\":[\"http:\\\/\\\/yourtime.hu\\\/wp-content\\\/uploads\\\/2024\\\/10\\\/unnamed-1-scaled-400x300.jpg\",400,300,true],\"image\":[\"http:\\\/\\\/yourtime.hu\\\/wp-content\\\/uploads\\\/2024\\\/10\\\/unnamed-1-scaled-2200x1650.jpg\",2200,1650,true],\"image_id\":211,\"resized\":true,\"file\":\"\\\/var\\\/www\\\/clients\\\/client1351\\\/web3429\\\/web\\\/gigikozmetikadebrecen.hu\\\/wp-content\\\/uploads\\\/2024\\\/10\\\/unnamed-1-scaled.jpg\",\"meta\":[],\"tags_taxonomy\":\"media_tag\"},{\"type\":\"attachment\",\"subtype\":\"image\",\"status\":\"publish\",\"id\":\"209\",\"title_src\":\"custom\",\"alt_src\":\"alt\",\"caption_src\":\"caption\",\"title\":\"Mary Cohr\",\"alt\":\"\",\"caption\":\"\",\"link\":{\"text\":\"\",\"url\":\"\",\"target\":\"_self\"},\"tags\":[],\"author\":{\"id\":\"1\",\"name\":\"gigiadminaniko\",\"url\":\"http:\\\/\\\/yourtime.hu\"},\"slug\":\"unnamed-3\",\"date\":\"2024-10-01T19:30:13\",\"src\":\"http:\\\/\\\/yourtime.hu\\\/?p=209\",\"original\":\"http:\\\/\\\/yourtime.hu\\\/wp-content\\\/uploads\\\/2024\\\/10\\\/unnamed-3-scaled.jpg\",\"comments\":{\"status\":\"open\",\"count\":\"0\"},\"copyright\":\"\",\"thumb\":[\"http:\\\/\\\/yourtime.hu\\\/wp-content\\\/uploads\\\/2024\\\/10\\\/unnamed-3-scaled-400x533.jpg\",400,533,true],\"image\":[\"http:\\\/\\\/yourtime.hu\\\/wp-content\\\/uploads\\\/2024\\\/10\\\/unnamed-3-scaled-1650x2200.jpg\",1650,2200,true],\"image_id\":209,\"resized\":true,\"file\":\"\\\/var\\\/www\\\/clients\\\/client1351\\\/web3429\\\/web\\\/gigikozmetikadebrecen.hu\\\/wp-content\\\/uploads\\\/2024\\\/10\\\/unnamed-3-scaled.jpg\",\"meta\":[],\"tags_taxonomy\":\"media_tag\"},{\"type\":\"attachment\",\"subtype\":\"image\",\"status\":\"publish\",\"id\":\"210\",\"title_src\":\"custom\",\"alt_src\":\"alt\",\"caption_src\":\"caption\",\"title\":\"Smink\\\/sminktetov\\u00e1l\\u00e1s\",\"alt\":\"\",\"caption\":\"\",\"link\":{\"text\":\"\",\"url\":\"\",\"target\":\"_self\"},\"tags\":[],\"author\":{\"id\":\"1\",\"name\":\"gigiadminaniko\",\"url\":\"http:\\\/\\\/yourtime.hu\"},\"slug\":\"unnamed-2\",\"date\":\"2024-10-01T19:30:20\",\"src\":\"http:\\\/\\\/yourtime.hu\\\/?p=210\",\"original\":\"http:\\\/\\\/yourtime.hu\\\/wp-content\\\/uploads\\\/2024\\\/10\\\/unnamed-2-scaled.jpg\",\"comments\":{\"status\":\"open\",\"count\":\"0\"},\"copyright\":\"\",\"thumb\":[\"http:\\\/\\\/yourtime.hu\\\/wp-content\\\/uploads\\\/2024\\\/10\\\/unnamed-2-scaled-400x533.jpg\",400,533,true],\"image\":[\"http:\\\/\\\/yourtime.hu\\\/wp-content\\\/uploads\\\/2024\\\/10\\\/unnamed-2-scaled-1650x2200.jpg\",1650,2200,true],\"image_id\":210,\"resized\":true,\"file\":\"\\\/var\\\/www\\\/clients\\\/client1351\\\/web3429\\\/web\\\/gigikozmetikadebrecen.hu\\\/wp-content\\\/uploads\\\/2024\\\/10\\\/unnamed-2-scaled.jpg\",\"meta\":[],\"tags_taxonomy\":\"media_tag\"},{\"type\":\"attachment\",\"subtype\":\"image\",\"status\":\"publish\",\"id\":\"255\",\"title_src\":\"custom\",\"alt_src\":\"alt\",\"caption_src\":\"caption\",\"title\":\"Skinbooster kezel\\u00e9sek\",\"alt\":\"\",\"caption\":\"\",\"link\":{\"text\":\"\",\"url\":\"\",\"target\":\"_self\"},\"tags\":[],\"author\":{\"id\":\"1\",\"name\":\"gigiadminaniko\",\"url\":\"http:\\\/\\\/yourtime.hu\"},\"slug\":\"img_6682\",\"date\":\"2024-12-15T20:47:15\",\"src\":\"http:\\\/\\\/yourtime.hu\\\/?p=255\",\"original\":\"http:\\\/\\\/yourtime.hu\\\/wp-content\\\/uploads\\\/2024\\\/10\\\/IMG_6682-scaled.jpg\",\"comments\":{\"status\":\"open\",\"count\":\"0\"},\"copyright\":\"\",\"thumb\":[\"http:\\\/\\\/yourtime.hu\\\/wp-content\\\/uploads\\\/2024\\\/10\\\/IMG_6682-scaled-400x300.jpg\",400,300,true],\"image\":[\"http:\\\/\\\/yourtime.hu\\\/wp-content\\\/uploads\\\/2024\\\/10\\\/IMG_6682-scaled-2200x1650.jpg\",2200,1650,true],\"image_id\":255,\"resized\":true,\"file\":\"\\\/var\\\/www\\\/clients\\\/client1351\\\/web3429\\\/web\\\/gigikozmetikadebrecen.hu\\\/wp-content\\\/uploads\\\/2024\\\/10\\\/IMG_6682-scaled.jpg\",\"meta\":{\"aperture\":\"1.6\",\"camera\":\"iPhone 13\",\"created_timestamp\":\"1732399818\",\"focal_length\":\"5.1\",\"iso\":\"800\",\"shutter_speed\":\"0.058823529411765\"},\"tags_taxonomy\":\"media_tag\"}]<\/script>\n\t\t\t<script type=\"application\/json\" class=\"wg-json-settings\">{\"copyR_Protection\":1,\"copyR_Alert\":\"Hello, this photo is mine!\",\"sliderScrollNavi\":1,\"sliderNextPrevAnimation\":\"animation\",\"sliderBgColor\":\"rgba(0,0,0,0.9)\",\"sliderPreloaderColor\":\"rgba(255,255,255,1)\",\"sliderHeaderFooterBgColor\":\"rgba(0,0,0,0.4)\",\"sliderNavigationColor\":\"rgba(0,0,0,1)\",\"sliderNavigationColorOver\":\"rgba(255,255,255,1)\",\"sliderNavigationIconColor\":\"rgba(255,255,255,1)\",\"sliderNavigationIconColorOver\":\"rgba(0,0,0,1)\",\"sliderItemTitleEnable\":1,\"sliderItemTitleFontSize\":18,\"sliderItemTitleTextColor\":\"rgba(255,255,255,1)\",\"sliderItemDescriptionEnable\":1,\"sliderItemDescriptionFontSize\":16,\"sliderItemDescriptionTextColor\":\"rgba(255,255,255,0.8)\",\"infoBarExifEnable\":1,\"sliderThumbBarEnable\":1,\"sliderThumbBarHoverColor\":\"rgba(255,255,255,1)\",\"sliderPlayButton\":1,\"slideshowDelay\":8,\"slideshowProgressBarColor\":\"rgba(255,255,255,1)\",\"slideshowProgressBarBGColor\":\"rgba(255,255,255,0.6)\",\"sliderZoomButton\":1,\"sliderSocialShareEnabled\":1,\"sliderFullScreen\":1,\"sliderThumbSubMenuBackgroundColor\":\"rgba(0, 0, 0, 0)\",\"sliderThumbSubMenuIconColor\":\"rgba(255, 255, 255, 1)\",\"sliderThumbSubMenuBackgroundColorOver\":\"rgba(255, 255, 255, 1)\",\"sliderThumbSubMenuIconHoverColor\":\"rgba(0, 0, 0, 1)\",\"__lightbox\":\"woowlightbox\",\"collectionPreloaderColor\":\"rgba(180,180,180,1)\",\"collectionBgColor\":\"rgba(255,255,255,0)\",\"collectionThumbColumns\":3,\"collectionThumbRecomendedWidth\":200,\"thumbSpacing\":10,\"tagsFilter\":1,\"tagCloudAll\":\"All\",\"tagCloudTextColor\":\"rgba(0,0,0,1)\",\"tagCloudBgColor\":\"rgba(180,180,180,1)\",\"collectionThumbHoverColor\":\"rgba(0,0,0,0.5)\",\"collectionThumbTitleShow\":1,\"collectionThumbTitleColor\":\"rgba(0,0,0,1)\",\"collectionThumbFontSize\":18,\"collectionThumbDescriptionShow\":1,\"collectionThumbContentBGColor\":\"rgba(220,220,220,1)\",\"collectionThumbDescriptionColor\":\"rgba(0,0,0,1)\",\"collectionThumbDescriptionFontSize\":15,\"collectionReadMoreButtonShow\":1,\"collectionReadMoreButtonLabel\":\"Read More\",\"collectionReadMoreButtonFontSize\":12,\"collectionReadMoreButtonBGColor\":\"rgba(0,0,0,1)\",\"collectionReadMoreButtonBGColorHover\":\"rgba(180,180,180,1)\",\"collectionReadMoreButtonLabelColor\":\"rgba(255,255,255,1)\",\"collectionReadMoreButtonLabelColorHover\":\"rgba(0,0,0,1)\",\"shareBarBgColor\":\"rgba(0,0,0,0.9)\",\"shareBarIconColor\":\"rgba(255,255,255,1)\",\"shareBarFacebook\":1,\"shareBarTwitter\":1,\"shareBarPinterest\":1,\"shareBarDownload\":1,\"__skin\":\"amron\",\"lightBoxEnable\":1}<\/script>\n\t\t<\/div>\n\t\t<\/div><noscript><a href=\"http:\/\/yourtime.hu\/wp-content\/uploads\/2024\/10\/unnamed-scaled.jpg\"><img class=\"skip-lazy no-lazyload\" data-lazy-src=\"\" src =\"http:\/\/yourtime.hu\/wp-content\/uploads\/2024\/10\/unnamed-scaled-2200x1650.jpg\" width=\"2200\" height=\"1650\" title=\"Mesterlev\u00e9l\" alt=\"\" \/><\/a><a href=\"http:\/\/yourtime.hu\/wp-content\/uploads\/2024\/10\/unnamed-4-scaled.jpg\"><img class=\"skip-lazy no-lazyload\" data-lazy-src=\"\" src =\"http:\/\/yourtime.hu\/wp-content\/uploads\/2024\/10\/unnamed-4-scaled-1650x2200.jpg\" width=\"1650\" height=\"2200\" title=\"GIGI oklevelek\" alt=\"\" \/><\/a><a href=\"http:\/\/yourtime.hu\/wp-content\/uploads\/2024\/10\/unnamed-1-scaled.jpg\"><img class=\"skip-lazy no-lazyload\" data-lazy-src=\"\" src =\"http:\/\/yourtime.hu\/wp-content\/uploads\/2024\/10\/unnamed-1-scaled-2200x1650.jpg\" width=\"2200\" height=\"1650\" title=\"Kiv\u00e1l\u00f3 kozmetikus d\u00edj\" alt=\"\" \/><\/a><a href=\"http:\/\/yourtime.hu\/wp-content\/uploads\/2024\/10\/unnamed-3-scaled.jpg\"><img class=\"skip-lazy no-lazyload\" data-lazy-src=\"\" src =\"http:\/\/yourtime.hu\/wp-content\/uploads\/2024\/10\/unnamed-3-scaled-1650x2200.jpg\" width=\"1650\" height=\"2200\" title=\"Mary Cohr\" alt=\"\" \/><\/a><a href=\"http:\/\/yourtime.hu\/wp-content\/uploads\/2024\/10\/unnamed-2-scaled.jpg\"><img class=\"skip-lazy no-lazyload\" data-lazy-src=\"\" src =\"http:\/\/yourtime.hu\/wp-content\/uploads\/2024\/10\/unnamed-2-scaled-1650x2200.jpg\" width=\"1650\" height=\"2200\" title=\"Smink\/sminktetov\u00e1l\u00e1s\" alt=\"\" \/><\/a><a href=\"http:\/\/yourtime.hu\/wp-content\/uploads\/2024\/10\/IMG_6682-scaled.jpg\"><img class=\"skip-lazy no-lazyload\" data-lazy-src=\"\" src =\"http:\/\/yourtime.hu\/wp-content\/uploads\/2024\/10\/IMG_6682-scaled-2200x1650.jpg\" width=\"2200\" height=\"1650\" title=\"Skinbooster kezel\u00e9sek\" alt=\"\" \/><\/a><\/noscript>\n\n\n\n<p><\/p>\n","protected":false},"excerpt":{"rendered":"<p>Balogh Anik\u00f3 Szenved\u00e9lyem a sz\u00e9ps\u00e9g\u00e1pol\u00e1s \u00e9s a b\u0151r eg\u00e9szs\u00e9g\u00e9nek t\u00e1mogat\u00e1sa. C\u00e9lom, hogy a vend\u00e9geim sz\u00e1m\u00e1ra ne csak l\u00e1tv\u00e1nyos eredm\u00e9nyeket, hanem val\u00f3di hossz\u00fat\u00e1v\u00fa megold\u00e1sokat ny\u00fajtsak. Munk\u00e1m sor\u00e1n kiemelten fontosnak tartom a&hellip;<\/p>\n","protected":false},"author":1,"featured_media":0,"parent":0,"menu_order":0,"comment_status":"closed","ping_status":"closed","template":"","meta":{"footnotes":""},"class_list":["post-33","page","type-page","status-publish","hentry"],"jetpack_sharing_enabled":true,"_links":{"self":[{"href":"https:\/\/yourtime.hu\/index.php?rest_route=\/wp\/v2\/pages\/33","targetHints":{"allow":["GET"]}}],"collection":[{"href":"https:\/\/yourtime.hu\/index.php?rest_route=\/wp\/v2\/pages"}],"about":[{"href":"https:\/\/yourtime.hu\/index.php?rest_route=\/wp\/v2\/types\/page"}],"author":[{"embeddable":true,"href":"https:\/\/yourtime.hu\/index.php?rest_route=\/wp\/v2\/users\/1"}],"replies":[{"embeddable":true,"href":"https:\/\/yourtime.hu\/index.php?rest_route=%2Fwp%2Fv2%2Fcomments&post=33"}],"version-history":[{"count":15,"href":"https:\/\/yourtime.hu\/index.php?rest_route=\/wp\/v2\/pages\/33\/revisions"}],"predecessor-version":[{"id":476,"href":"https:\/\/yourtime.hu\/index.php?rest_route=\/wp\/v2\/pages\/33\/revisions\/476"}],"wp:attachment":[{"href":"https:\/\/yourtime.hu\/index.php?rest_route=%2Fwp%2Fv2%2Fmedia&parent=33"}],"curies":[{"name":"wp","href":"https:\/\/api.w.org\/{rel}","templated":true}]}}