{"id":318,"date":"2026-03-28T20:43:35","date_gmt":"2026-03-28T20:43:35","guid":{"rendered":"http:\/\/gigikozmetikadebrecen.hu\/?page_id=318"},"modified":"2026-03-28T22:06:04","modified_gmt":"2026-03-28T22:06:04","slug":"mary-cohr","status":"publish","type":"page","link":"https:\/\/yourtime.hu\/?page_id=318","title":{"rendered":"MARY COHR"},"content":{"rendered":"\n<p>A MARY COHR&nbsp;&nbsp;egy francia professzion\u00e1lis m\u00e1rka, amely a dermo-eszt\u00e9tika megk\u00f6zel\u00edt\u00e9s\u00e9vel, aromater\u00e1pia haszn\u00e1lat\u00e1val ny\u00fajt szem\u00e9lyre szabott kezel\u00e9seket.<\/p>\n\n\n\n<p><strong>CATIOVITAL YOUTH&nbsp;&nbsp; <\/strong>1 \u00f3ra 15 perc<\/p>\n\n\n\n<p>Ez a t\u00f6bb l\u00e9p\u00e9sb\u0151l \u00e1ll\u00f3 wellness&nbsp;&nbsp;feszes\u00edt\u0151,&nbsp;&nbsp;anti-aging kezel\u00e9s a h\u0151maszk , a dinamikus ioniz\u00e1ci\u00f3&nbsp;&nbsp;valamint a speci\u00e1lis ill\u00f3olajos massz\u00e1zs seg\u00edts\u00e9g\u00e9vel \u00e9ri el a b\u0151r oxigeni\u00e1zl\u00e1s\u00e1t, revitaliz\u00e1l\u00e1s\u00e1t. Speci\u00e1lis technol\u00f3gi\u00e1val, ioniz\u00e1ci\u00f3val juttatja be a hat\u00f3anyagokat a b\u0151r m\u00e9lyebb r\u00e9tegeibe, ez\u00e1ltal fokozza a sejtek regener\u00e1ci\u00f3j\u00e1t \u00e9s serkenti a kollag\u00e9ntermel\u00e9st. A kezel\u00e9s nemcsak feszes\u00edti, hanem meg is \u00faj\u00edtja a b\u0151rt, hogy az fiatalosabb, ragyog\u00f3bb \u00e9s hidrat\u00e1ltabb legyen.<\/p>\n\n\n\n<p>-Aj\u00e1nlott kezel\u00e9s: 2-4 hetente<\/p>\n\n\n\n<p>-B\u0151rt\u00edpus: minden b\u0151r<\/p>\n\n\n\n<p>-Hat\u00e1s: m\u00e9lytiszt\u00edt\u00e1s , b\u0151r oxig\u00e9n ell\u00e1t\u00e1s\u00e1nak fokoz\u00e1sa<\/p>\n\n\n\n<p>&nbsp; &nbsp; &nbsp; &nbsp; &nbsp; &nbsp; &nbsp;&nbsp;sejtmeg\u00faj\u00edt\u00e1s, feszes\u00edt\u00e9s<\/p>\n\n\n\n<p>-Javallat: f\u00e1radt, fak\u00f3,dehidrat\u00e1lt b\u0151r, finom vonalak<\/p>\n\n\n\n<p>-Ellenjavallat: -terhess\u00e9g<\/p>\n\n\n\n<p>&nbsp; &nbsp; &nbsp; &nbsp; &nbsp; &nbsp; &nbsp; &nbsp; &nbsp; &nbsp; &nbsp; &nbsp;&nbsp;-pacemaker<\/p>\n\n\n\n<p>&nbsp; &nbsp; &nbsp; &nbsp; &nbsp; &nbsp; &nbsp; &nbsp; &nbsp; &nbsp; &nbsp; &nbsp;&nbsp;&#8211; s\u00falyos b\u0151rgyullad\u00e1s, akne<\/p>\n\n\n\n<p><strong>CATIOVITAL LIFTING<\/strong>&nbsp;&nbsp;&nbsp;&nbsp;&nbsp;&nbsp;&nbsp;&nbsp;&nbsp;&nbsp;&nbsp; 1 \u00f3ra 15 perc<\/p>\n\n\n\n<p>Egy k\u00fcl\u00f6nleges arcfiatal\u00edt\u00f3 elj\u00e1r\u00e1s, amely a b\u0151r m\u00e9ly izmainak stimul\u00e1l\u00e1s\u00e1val seg\u00edt visszaadni feszess\u00e9g\u00e9t rugalmass\u00e1g\u00e1t.A kezel\u00e9s sor\u00e1n alkalmazott mikro\u00e1ramok serkentik a b\u0151r term\u00e9szetes regener\u00e1ci\u00f3s folyamatait, mik\u00f6zben feszes\u00edtik az arc izmait, \u00edgy lifting hat\u00e1st eredm\u00e9nyeznek. Ide\u00e1lis megold\u00e1s azoknak, akik non-invaz\u00edv m\u00f3don szeretn\u00e9k visszanyerni arcb\u0151r\u00fck fiataloss\u00e1g\u00e1t \u00e9s t\u00f3nusoss\u00e1g\u00e1t.<\/p>\n\n\n\n<p>-Aj\u00e1nlott kezel\u00e9s: 4 hetente<\/p>\n\n\n\n<p>-B\u0151rt\u00edpus: minden b\u0151r<\/p>\n\n\n\n<p>-Hat\u00e1sai:<\/p>\n\n\n\n<p>\u2022 Feszes\u00edti \u00e9s t\u00f3nusosabb\u00e1 teszi az arc izmait<\/p>\n\n\n\n<p>\u2022 Lifting hat\u00e1st biztos\u00edt a megereszkedett b\u0151r sz\u00e1m\u00e1ra<\/p>\n\n\n\n<p>\u2022 Cs\u00f6kkenti a r\u00e1ncokat \u00e9s finom vonalakat<\/p>\n\n\n\n<p>\u2022 Jav\u00edtja a b\u0151r rugalmass\u00e1g\u00e1t \u00e9s text\u00far\u00e1j\u00e1t<\/p>\n\n\n\n<p>\u2022 Fokozza a b\u0151r oxig\u00e9nell\u00e1t\u00e1s\u00e1t, \u00fcd\u00e9bb \u00e9s ragyog\u00f3bb megjelen\u00e9st k\u00f6lcs\u00f6n\u00f6zve<\/p>\n\n\n\n<p>-Javallat: megereszkedett, t\u00f3nustalan b\u0151r&nbsp;<\/p>\n\n\n\n<p>&nbsp;&nbsp; &nbsp; &nbsp; &nbsp; &nbsp; &nbsp; &nbsp; &nbsp;&nbsp;f\u00e1radt, stresszes b\u0151r<\/p>\n\n\n\n<p>&nbsp;&nbsp; &nbsp; &nbsp; &nbsp; &nbsp; &nbsp; &nbsp; &nbsp;&nbsp;finom r\u00e1ncok<\/p>\n\n\n\n<p>-Ellenjavallatai:<\/p>\n\n\n\n<p>\u2022 Pacemaker vagy egy\u00e9b elektronikus implant\u00e1tumok jelenl\u00e9te<\/p>\n\n\n\n<p>\u2022 Terhess\u00e9g \u00e9s szoptat\u00e1s ideje alatt nem aj\u00e1nlott<\/p>\n\n\n\n<p>\u2022 Akt\u00edv b\u0151rbetegs\u00e9gek<\/p>\n\n\n\n<p>\u2022 S\u00falyos akne vagy gyullad\u00e1sos \u00e1llapotok az arcon<\/p>\n\n\n\n<p>\u2022 Friss m\u0171t\u00e9tek vagy arcplasztikai beavatkoz\u00e1sok ut\u00e1n nem javasolt<\/p>\n","protected":false},"excerpt":{"rendered":"<p>A MARY COHR&nbsp;&nbsp;egy francia professzion\u00e1lis m\u00e1rka, amely a dermo-eszt\u00e9tika megk\u00f6zel\u00edt\u00e9s\u00e9vel, aromater\u00e1pia haszn\u00e1lat\u00e1val ny\u00fajt szem\u00e9lyre szabott kezel\u00e9seket. CATIOVITAL YOUTH&nbsp;&nbsp; 1 \u00f3ra 15 perc Ez a t\u00f6bb l\u00e9p\u00e9sb\u0151l \u00e1ll\u00f3 wellness&nbsp;&nbsp;feszes\u00edt\u0151,&nbsp;&nbsp;anti-aging kezel\u00e9s a&hellip;<\/p>\n","protected":false},"author":1,"featured_media":0,"parent":0,"menu_order":0,"comment_status":"closed","ping_status":"closed","template":"","meta":{"footnotes":""},"class_list":["post-318","page","type-page","status-publish","hentry"],"jetpack_sharing_enabled":true,"_links":{"self":[{"href":"https:\/\/yourtime.hu\/index.php?rest_route=\/wp\/v2\/pages\/318","targetHints":{"allow":["GET"]}}],"collection":[{"href":"https:\/\/yourtime.hu\/index.php?rest_route=\/wp\/v2\/pages"}],"about":[{"href":"https:\/\/yourtime.hu\/index.php?rest_route=\/wp\/v2\/types\/page"}],"author":[{"embeddable":true,"href":"https:\/\/yourtime.hu\/index.php?rest_route=\/wp\/v2\/users\/1"}],"replies":[{"embeddable":true,"href":"https:\/\/yourtime.hu\/index.php?rest_route=%2Fwp%2Fv2%2Fcomments&post=318"}],"version-history":[{"count":3,"href":"https:\/\/yourtime.hu\/index.php?rest_route=\/wp\/v2\/pages\/318\/revisions"}],"predecessor-version":[{"id":375,"href":"https:\/\/yourtime.hu\/index.php?rest_route=\/wp\/v2\/pages\/318\/revisions\/375"}],"wp:attachment":[{"href":"https:\/\/yourtime.hu\/index.php?rest_route=%2Fwp%2Fv2%2Fmedia&parent=318"}],"curies":[{"name":"wp","href":"https:\/\/api.w.org\/{rel}","templated":true}]}}