{"id":316,"date":"2026-03-28T20:43:35","date_gmt":"2026-03-28T20:43:35","guid":{"rendered":"http:\/\/gigikozmetikadebrecen.hu\/?page_id=316"},"modified":"2026-03-30T19:16:21","modified_gmt":"2026-03-30T19:16:21","slug":"circadia","status":"publish","type":"page","link":"https:\/\/yourtime.hu\/?page_id=316","title":{"rendered":"CIRCADIA"},"content":{"rendered":"\n<p>A Circadia egy amerikai professzion\u00e1lis&nbsp;&nbsp;b\u0151r\u00e1pol\u00e1si m\u00e1rka. Saj\u00e1t fejleszt\u00e9s\u0171 biok\u00e9miai formul\u00e1i,<\/p>\n\n\n\n<p>Innovat\u00edv peptidtechnol\u00f3gi\u00e1t alkalmazva<\/p>\n\n\n\n<p>-tiszta n\u00f6v\u00e9nyi hat\u00f3anyagokat<\/p>\n\n\n\n<p>-\u0151ssejteket<\/p>\n\n\n\n<p>-m\u00e1sodik gener\u00e1ci\u00f3s vitaminokat tartalmaznak.<\/p>\n\n\n\n<p>T\u00e1mogatva ezzel a b\u0151r optim\u00e1lis eg\u00e9szs\u00e9g\u00e9t \u00e9s sz\u00e9ps\u00e9g\u00e9t(cirkadi\u00e1n ritmus\u00e1t)<\/p>\n\n\n\n<p>Term\u00e9kei parab\u00e9n-, szintetikus sz\u00ednez\u00e9k- \u00e9s&nbsp;&nbsp;\u00e1llatk\u00eds\u00e9rlet mentesek.<\/p>\n\n\n\n<p><\/p>\n\n\n\n<hr class=\"wp-block-separator has-alpha-channel-opacity\"\/>\n\n\n\n<p><strong>SWICH<\/strong>&nbsp;(intenz\u00edv b\u0151rfiatal\u00edt\u00f3 kezel\u00e9s)&nbsp;&nbsp;&nbsp;&nbsp; 1\u00f3ra 30 perc<\/p>\n\n\n\n<p>A k\u00e9miai h\u00e1mlaszt\u00e1s korszer\u0171 alternat\u00edv\u00e1ja, mely a b\u0151r term\u00e9szetes regener\u00e1ci\u00f3s folyamataira \u00e9p\u00edt,<\/p>\n\n\n\n<p>an\u00e9lk\u00fcl, hogy felsz\u00edni s\u00e9r\u00fcl\u00e9st vagy h\u00e1ml\u00e1st id\u00e9zne el\u0151.<\/p>\n\n\n\n<p>A kezel\u00e9s bel\u00fclr\u0151l stimul\u00e1lja a sejtm\u0171k\u00f6d\u00e9st, ezzel t\u00e1mogatva a b\u0151rmeg\u00fajul\u00e1st.<\/p>\n\n\n\n<p>Kiv\u00e1l\u00f3 v\u00e1laszt\u00e1s azok sz\u00e1m\u00e1ra, akik szeretn\u00e9k visszaford\u00edtani a b\u0151r\u00f6reged\u00e9s l\u00e1that\u00f3 jeleit.<\/p>\n\n\n\n<p>A legl\u00e1tv\u00e1nyosabb eredm\u00e9ny&nbsp;&nbsp;el\u00e9r\u00e9se \u00e9rdek\u00e9ben 3 alkalmas k\u00fara aj\u00e1nlott, 4 hetente elv\u00e9gezve.<\/p>\n\n\n\n<p>A k\u00fara mell\u00e9 AJ\u00c1ND\u00c9K Raspberry Enzyme kezel\u00e9s j\u00e1r 2hetente.<\/p>\n\n\n\n<p>-B\u0151rt\u00edpus: \u00e9rett,hiperpigment\u00e1lt<\/p>\n\n\n\n<p>-Hat\u00e1s: \u00f6reged\u00e9sg\u00e1tl\u00f3, ragyog\u00e1sfokoz\u00f3<\/p>\n\n\n\n<p>-Javallatok: rugalmass\u00e1g veszt\u00e9s, finom vonalak, r\u00e1ncok,hioerpigment\u00e1ci\u00f3<\/p>\n\n\n\n<p>-Ellenjavallat:s\u00falyos -Gyullad\u00e1s,III-IV fokozat\u00fa Akne,Allergia Aszpirinre, citromsavra<\/p>\n\n\n\n<p>&nbsp;&nbsp; &nbsp; &nbsp; &nbsp; &nbsp; &nbsp; &nbsp; &nbsp; &nbsp; &nbsp; &nbsp; &nbsp; &nbsp; &nbsp; &nbsp; &nbsp; &nbsp;&nbsp;-Terhess\u00e9g vagy terhess\u00e9gre val\u00f3 t\u00f6rekv\u00e9s<\/p>\n\n\n\n<p>&nbsp;&nbsp; &nbsp; &nbsp; &nbsp; &nbsp; &nbsp; &nbsp; &nbsp; &nbsp; &nbsp; &nbsp; &nbsp; &nbsp; &nbsp; &nbsp; &nbsp; &nbsp;&nbsp;&#8211; Accutane haszn\u00e1lata az elm\u00falt \u00e9vben<\/p>\n\n\n\n<p>&nbsp;&nbsp; &nbsp; &nbsp; &nbsp; &nbsp; &nbsp; &nbsp; &nbsp; &nbsp; &nbsp; &nbsp; &nbsp; &nbsp; &nbsp; &nbsp; &nbsp; &nbsp;&nbsp;-Jelenleg antibiotikumot haszn\u00e1l<\/p>\n\n\n\n<p>&nbsp;&nbsp; &nbsp; &nbsp; &nbsp; &nbsp; &nbsp; &nbsp; &nbsp; &nbsp; &nbsp; &nbsp; &nbsp; &nbsp; &nbsp; &nbsp; &nbsp; &nbsp;&nbsp;-Glikolsav,Retin-A,Renov\u00e1t haszn\u00e1lata az elm\u00falt 4 h\u00e9tben<\/p>\n\n\n\n<p>&nbsp;&nbsp; &nbsp; &nbsp; &nbsp; &nbsp; &nbsp; &nbsp; &nbsp; &nbsp; &nbsp; &nbsp; &nbsp; &nbsp; &nbsp; &nbsp; &nbsp; &nbsp;&nbsp;-L\u00e9zer,Herpesz,Pattan\u00e1s<\/p>\n\n\n\n<p><\/p>\n\n\n\n<hr class=\"wp-block-separator has-alpha-channel-opacity\"\/>\n\n\n\n<p><strong>LUXE LIFT FACIAL<\/strong>(azonnali feszes\u00edt\u0151 kezel\u00e9s)&nbsp;&nbsp;&nbsp;&nbsp;&nbsp;&nbsp; 1 \u00f3ra 15perc<\/p>\n\n\n\n<p>L\u00e1tv\u00e1nyosan jav\u00edtja a b\u0151r rugalmass\u00e1g\u00e1t, cs\u00f6kkenti a finom vonalakat, r\u00e1ncokat ,az azonnali feszes\u00edt\u0151 hat\u00e1s el\u00e9r\u00e9s\u00e9vel.<\/p>\n\n\n\n<p>Hosszan tart\u00f3 b\u0151rszerkezet javul\u00e1st eredm\u00e9nyez, a sejtszinten m\u0171k\u00f6d\u0151, magas hat\u00f3anyag tartalm\u00fa&nbsp;<\/p>\n\n\n\n<p>formul\u00e1knak k\u00f6sz\u00f6nhet\u0151en.<\/p>\n\n\n\n<p>-Aj\u00e1nlott kezel\u00e9si terv: havonta<\/p>\n\n\n\n<p>-B\u0151rt\u00edpus: \u00e9rett, hiperpigment\u00e1lt<\/p>\n\n\n\n<p>-Hat\u00e1s: feszes\u00edt\u0151, halv\u00e1ny\u00edt\u00f3, antioxid\u00e1ns, \u00f6reged\u00e9s\u00e1tl\u00f3<\/p>\n\n\n\n<p>-Javallatok: finom vonalak , r\u00e1ncok, rugalmass\u00e1gveszt\u00e9s, hiperpigment\u00e1ci\u00f3<\/p>\n\n\n\n<p>-Ellenjavallat: -Accutane az elm\u00falt \u00e9vben<\/p>\n\n\n\n<p>&nbsp;&nbsp; &nbsp; &nbsp; &nbsp; &nbsp; &nbsp; &nbsp; &nbsp; &nbsp; &nbsp; &nbsp; &nbsp;&nbsp;&#8211; Er\u0151s gyullad\u00e1s, akne, rosacea<\/p>\n\n\n\n<p>&nbsp;&nbsp; &nbsp; &nbsp; &nbsp; &nbsp; &nbsp; &nbsp; &nbsp; &nbsp; &nbsp; &nbsp; &nbsp;&nbsp;-Citromsav allergia<\/p>\n\n\n\n<p>&nbsp;&nbsp; &nbsp; &nbsp; &nbsp; &nbsp; &nbsp; &nbsp; &nbsp; &nbsp; &nbsp; &nbsp; &nbsp;&nbsp;-Klausztrof\u00f3bia<\/p>\n\n\n\n<hr class=\"wp-block-separator has-alpha-channel-opacity\"\/>\n\n\n\n<p><strong>FIRMING PEPTIDE&nbsp;<\/strong>(sejtmeg\u00faj\u00edt\u00f3 lifting kezel\u00e9s)&nbsp;&nbsp;&nbsp;&nbsp; 1 \u00f3ra 30 perc<\/p>\n\n\n\n<p>Anti-aging peptidek, antioxid\u00e1nsok, n\u00f6v\u00e9nyi \u0151ssejtek \u00e9s fitokivonatok serkentik a sejtek regener\u00e1ci\u00f3j\u00e1t, a b\u0151r strukt\u00far\u00e1j\u00e1t \u00e9s el\u0151seg\u00edtik a feszesebb, ragyog\u00f3bb megjelen\u00e9st.<\/p>\n\n\n\n<p>-Aj\u00e1nlott kezel\u00e9s: 2-4 hetente<\/p>\n\n\n\n<p>-B\u0151rt\u00edpus: minden b\u0151r<\/p>\n\n\n\n<p>-Hat\u00e1s: emel\u0151, feszes\u00edt\u0151, halv\u00e1ny\u00edt\u00f3, antioxid\u00e1ns<\/p>\n\n\n\n<p>-Javallat: rugalmass\u00e1gveszt\u00e9s, finom vonalak, r\u00e1ncok<\/p>\n\n\n\n<p>&nbsp;&nbsp; &nbsp; &nbsp; &nbsp; &nbsp; &nbsp; &nbsp; &nbsp;&nbsp;fak\u00f3, \u00e9lettelen b\u0151r<\/p>\n\n\n\n<p>-Ellenjavallat:- Er\u0151s gyullad\u00e1s, akne, rosacea<\/p>\n\n\n\n<p>&nbsp; &nbsp; &nbsp; &nbsp; &nbsp; &nbsp; &nbsp; &nbsp; &nbsp; &nbsp; &nbsp; &nbsp;&nbsp;-Klausztrof\u00f3bia<\/p>\n\n\n\n<p>&nbsp; &nbsp; &nbsp; &nbsp; &nbsp; &nbsp; &nbsp; &nbsp; &nbsp; &nbsp; &nbsp; &nbsp;&nbsp;-Allergia citromsavra, m\u00e1lnamagra, papaya, anan\u00e1sz<\/p>\n\n\n\n<hr class=\"wp-block-separator has-alpha-channel-opacity\"\/>\n\n\n\n<p><strong>ENZYME\u00a0\u00a0FACIAL <\/strong>(szem\u00e9lyre szabott enzimes protokoll)\u00a0\u00a01 \u00f3ra 15 perc<\/p>\n\n\n\n<p>Ez egy teljesen szem\u00e9lyre szabott kezel\u00e9s, a b\u0151rprobl\u00e9m\u00e1knak megfelel\u0151en kiv\u00e1lasztott enzimes,<\/p>\n\n\n\n<p>gyeng\u00e9den h\u00e1mlaszt\u00f3 maszkokkal, b\u0151rt\u00e1pl\u00e1l\u00f3 \u00e9s magas hat\u00f3anyag tartalommal rendelkez\u0151 kr\u00e9mekkel \u00e9s sz\u00e9rummal.<\/p>\n\n\n\n<p>-Aj\u00e1nlott kezel\u00e9s: 2-4 hetente<\/p>\n\n\n\n<p>-B\u0151rt\u00edpus: minden b\u0151rre<\/p>\n\n\n\n<p>-Hat\u00e1s: h\u00e1mlaszt\u00f3, nyugtat\u00f3, hidrat\u00e1l\u00f3, antioxid\u00e1ns, regener\u00e1l\u00f3, fiatal\u00edt\u00f3<\/p>\n\n\n\n<p>-Javallat: akne, gyullad\u00e1s, \u00e9rz\u00e9keny b\u0151r<\/p>\n\n\n\n<p>&nbsp;&nbsp; &nbsp; &nbsp; &nbsp; &nbsp; &nbsp; &nbsp; &nbsp;&nbsp;sz\u00e1raz, dehidrat\u00e1lt b\u0151r, r\u00e1ncok<\/p>\n\n\n\n<p>&nbsp;&nbsp; &nbsp; &nbsp; &nbsp; &nbsp; &nbsp; &nbsp; &nbsp;&nbsp;rugalmass\u00e1g cs\u00f6kken\u00e9s<\/p>\n\n\n\n<p>&nbsp;&nbsp; &nbsp; &nbsp; &nbsp; &nbsp; &nbsp; &nbsp; &nbsp;&nbsp;hiperpigment\u00e1ci\u00f3, \u00f6regs\u00e9gi foltok<\/p>\n\n\n\n<hr class=\"wp-block-separator has-alpha-channel-opacity\"\/>\n\n\n\n<p><strong>EXPRESS FACIAL<\/strong>&nbsp;&nbsp;&nbsp;&nbsp;&nbsp;&nbsp;&nbsp;&nbsp;&nbsp;&nbsp;&nbsp;&nbsp;&nbsp; 50 PERC&nbsp;<\/p>\n\n\n\n<p>Ez az Express arckezel\u00e9s&nbsp;&nbsp;ide\u00e1lis azok sz\u00e1m\u00e1ra, akiknek kev\u00e9s idej\u00fck van, m\u00e9gis szeretn\u00e9k megadni<\/p>\n\n\n\n<p>b\u0151r\u00fcknek a megfelel\u0151 regener\u00e1l\u00f3 \u00e9s \u00e1pol\u00f3 l\u00e9p\u00e9seket.<\/p>\n\n\n\n<p>-Aj\u00e1nlott kezel\u00e9s: 2-4 hetente<\/p>\n\n\n\n<p>-B\u0151rt\u00edpus: minden b\u0151r<\/p>\n\n\n\n<p>-Hat\u00e1s: h\u00e1mlaszt\u00f3, hidrat\u00e1l\u00f3, halv\u00e1ny\u00edt\u00f3<\/p>\n\n\n\n<p>-Javallat: keratiniz\u00e1lt(elszarusodott) b\u0151r<\/p>\n\n\n\n<p>&nbsp;&nbsp; &nbsp; &nbsp; &nbsp; &nbsp; &nbsp; &nbsp; &nbsp;&nbsp;finom vonalak<\/p>\n\n\n\n<p>&nbsp;&nbsp; &nbsp; &nbsp; &nbsp; &nbsp; &nbsp; &nbsp; &nbsp;&nbsp;hiperpigment\u00e1ci\u00f3<\/p>\n\n\n\n<p>&nbsp;&nbsp; &nbsp; &nbsp; &nbsp; &nbsp; &nbsp; &nbsp; &nbsp;&nbsp;dehidrat\u00e1lt b\u0151r<\/p>\n","protected":false},"excerpt":{"rendered":"<p>A Circadia egy amerikai professzion\u00e1lis&nbsp;&nbsp;b\u0151r\u00e1pol\u00e1si m\u00e1rka. Saj\u00e1t fejleszt\u00e9s\u0171 biok\u00e9miai formul\u00e1i, Innovat\u00edv peptidtechnol\u00f3gi\u00e1t alkalmazva -tiszta n\u00f6v\u00e9nyi hat\u00f3anyagokat -\u0151ssejteket -m\u00e1sodik gener\u00e1ci\u00f3s vitaminokat tartalmaznak. T\u00e1mogatva ezzel a b\u0151r optim\u00e1lis eg\u00e9szs\u00e9g\u00e9t \u00e9s sz\u00e9ps\u00e9g\u00e9t(cirkadi\u00e1n ritmus\u00e1t)&hellip;<\/p>\n","protected":false},"author":1,"featured_media":0,"parent":0,"menu_order":0,"comment_status":"closed","ping_status":"closed","template":"","meta":{"footnotes":""},"class_list":["post-316","page","type-page","status-publish","hentry"],"jetpack_sharing_enabled":true,"_links":{"self":[{"href":"https:\/\/yourtime.hu\/index.php?rest_route=\/wp\/v2\/pages\/316","targetHints":{"allow":["GET"]}}],"collection":[{"href":"https:\/\/yourtime.hu\/index.php?rest_route=\/wp\/v2\/pages"}],"about":[{"href":"https:\/\/yourtime.hu\/index.php?rest_route=\/wp\/v2\/types\/page"}],"author":[{"embeddable":true,"href":"https:\/\/yourtime.hu\/index.php?rest_route=\/wp\/v2\/users\/1"}],"replies":[{"embeddable":true,"href":"https:\/\/yourtime.hu\/index.php?rest_route=%2Fwp%2Fv2%2Fcomments&post=316"}],"version-history":[{"count":6,"href":"https:\/\/yourtime.hu\/index.php?rest_route=\/wp\/v2\/pages\/316\/revisions"}],"predecessor-version":[{"id":412,"href":"https:\/\/yourtime.hu\/index.php?rest_route=\/wp\/v2\/pages\/316\/revisions\/412"}],"wp:attachment":[{"href":"https:\/\/yourtime.hu\/index.php?rest_route=%2Fwp%2Fv2%2Fmedia&parent=316"}],"curies":[{"name":"wp","href":"https:\/\/api.w.org\/{rel}","templated":true}]}}