{"id":313,"date":"2026-03-28T20:43:35","date_gmt":"2026-03-28T20:43:35","guid":{"rendered":"http:\/\/gigikozmetikadebrecen.hu\/?page_id=313"},"modified":"2026-04-03T07:39:37","modified_gmt":"2026-04-03T07:39:37","slug":"tisztito-kezelesek","status":"publish","type":"page","link":"https:\/\/yourtime.hu\/?page_id=313","title":{"rendered":"Tiszt\u00edt\u00f3 kezel\u00e9sek"},"content":{"rendered":"\n<p><\/p>\n\n\n\n<p class=\"has-medium-font-size\"><strong><a href=\"http:\/\/yourtime.hu\/?page_id=342\" data-type=\"page\" data-id=\"342\">HYDRA BEAUTY G\u00c9PI<\/a><\/strong><\/p>\n\n\n\n<p class=\"has-medium-font-size\"><strong><a href=\"http:\/\/yourtime.hu\/?page_id=344\" data-type=\"page\" data-id=\"344\">GIGI MANUAL<\/a><\/strong><\/p>\n\n\n\n<p><\/p>\n","protected":false},"excerpt":{"rendered":"<p>HYDRA BEAUTY G\u00c9PI GIGI MANUAL<\/p>\n","protected":false},"author":1,"featured_media":0,"parent":0,"menu_order":0,"comment_status":"closed","ping_status":"closed","template":"","meta":{"footnotes":""},"class_list":["post-313","page","type-page","status-publish","hentry"],"jetpack_sharing_enabled":true,"_links":{"self":[{"href":"https:\/\/yourtime.hu\/index.php?rest_route=\/wp\/v2\/pages\/313","targetHints":{"allow":["GET"]}}],"collection":[{"href":"https:\/\/yourtime.hu\/index.php?rest_route=\/wp\/v2\/pages"}],"about":[{"href":"https:\/\/yourtime.hu\/index.php?rest_route=\/wp\/v2\/types\/page"}],"author":[{"embeddable":true,"href":"https:\/\/yourtime.hu\/index.php?rest_route=\/wp\/v2\/users\/1"}],"replies":[{"embeddable":true,"href":"https:\/\/yourtime.hu\/index.php?rest_route=%2Fwp%2Fv2%2Fcomments&post=313"}],"version-history":[{"count":2,"href":"https:\/\/yourtime.hu\/index.php?rest_route=\/wp\/v2\/pages\/313\/revisions"}],"predecessor-version":[{"id":448,"href":"https:\/\/yourtime.hu\/index.php?rest_route=\/wp\/v2\/pages\/313\/revisions\/448"}],"wp:attachment":[{"href":"https:\/\/yourtime.hu\/index.php?rest_route=%2Fwp%2Fv2%2Fmedia&parent=313"}],"curies":[{"name":"wp","href":"https:\/\/api.w.org\/{rel}","templated":true}]}}