{"id":103,"date":"2024-09-07T13:08:27","date_gmt":"2024-09-07T13:08:27","guid":{"rendered":"http:\/\/gigikozmetikadebrecen.hu\/?page_id=103"},"modified":"2026-03-30T17:32:45","modified_gmt":"2026-03-30T17:32:45","slug":"arlista","status":"publish","type":"page","link":"https:\/\/yourtime.hu\/?page_id=103","title":{"rendered":"\u00c1rlista"},"content":{"rendered":"\n<blockquote class=\"wp-block-quote is-layout-flow wp-block-quote-is-layout-flow\">\n<p><strong>Szalon etikett<\/strong>:<\/p>\n\n\n\n<p>\u2022 K\u00e9rlek benneteket a kezel\u00e9sekre id\u0151ben \u00e9rkezzetek, az \u00fczlet ter\u00fclet\u00e9n \u0151rizz\u00e9tek meg a nyugodt hangulatot \u00e9s telefonjaitokat n\u00e9m\u00edts\u00e1tok le. Ha az el\u0151ttetek l\u00e9v\u0151 vend\u00e9g kezel\u00e9se  k\u00f6zben \u00e9rkeztek,  a v\u00e1r\u00f3ban foglaljatok helyet \u00e9s csendben v\u00e1rj\u00e1tok meg am\u00edg befejezem a kezel\u00e9st.<\/p>\n\n\n\n<p>\u2022 Id\u0151pont foglal\u00e1sa\/lemond\u00e1sa telefonon vagy \u00fczenetben(SMS, Messenger)lehets\u00e9ges.<\/p>\n\n\n\n<p>\u2022 A kezel\u00e9s napj\u00e1n t\u00f6rt\u00e9nt lemond\u00e1s eset\u00e9n, vagy ha nem jelentek meg a megbesz\u00e9lt id\u0151pontban, rendelkez\u00e9sre \u00e1ll\u00e1si d\u00edj fizetend\u0151, ami az \u00e1thelyezett szolg\u00e1ltat\u00e1s \u00e1r\u00e1nak 50%-a, mely a k\u00f6vetkez\u0151 l\u00e1togat\u00e1s sor\u00e1n ker\u00fcl felsz\u00e1mol\u00e1sra.<\/p>\n\n\n\n<p>  A szolg\u00e1ltat\u00e1sok ig\u00e9nybev\u00e9tel\u00e9hez kellemes id\u0151t\u00f6lt\u00e9st \u00e9s kikapcsol\u00f3d\u00e1st k\u00edv\u00e1nok!<img loading=\"lazy\" decoding=\"async\" height=\"16\" width=\"16\" src=\"https:\/\/static.xx.fbcdn.net\/images\/emoji.php\/v9\/t13\/2\/16\/1f486_1f3fc_200d_2640.png\" alt=\"\ud83d\udc86\ud83c\udffc\u200d\u2640\ufe0f\"><\/p>\n\n\n\n<p>Anik\u00f3 <\/p>\n<\/blockquote>\n\n\n\n<figure class=\"wp-block-gallery has-nested-images columns-default is-cropped wp-block-gallery-1 is-layout-flex wp-block-gallery-is-layout-flex\">\n<figure class=\"wp-block-image size-large\"><img loading=\"lazy\" decoding=\"async\" width=\"576\" height=\"1024\" data-id=\"388\" src=\"http:\/\/yourtime.hu\/wp-content\/uploads\/2026\/03\/2-1-576x1024.jpg\" alt=\"\" class=\"wp-image-388\" srcset=\"https:\/\/yourtime.hu\/wp-content\/uploads\/2026\/03\/2-1-576x1024.jpg 576w, https:\/\/yourtime.hu\/wp-content\/uploads\/2026\/03\/2-1-169x300.jpg 169w, https:\/\/yourtime.hu\/wp-content\/uploads\/2026\/03\/2-1-768x1365.jpg 768w, https:\/\/yourtime.hu\/wp-content\/uploads\/2026\/03\/2-1-864x1536.jpg 864w, https:\/\/yourtime.hu\/wp-content\/uploads\/2026\/03\/2-1-1024x1820.jpg 1024w, https:\/\/yourtime.hu\/wp-content\/uploads\/2026\/03\/2-1.jpg 1080w\" sizes=\"auto, (max-width: 576px) 100vw, 576px\" \/><\/figure>\n\n\n\n<figure class=\"wp-block-image size-large\"><img loading=\"lazy\" decoding=\"async\" width=\"576\" height=\"1024\" data-id=\"386\" src=\"http:\/\/yourtime.hu\/wp-content\/uploads\/2026\/03\/3-576x1024.jpg\" alt=\"\" class=\"wp-image-386\" srcset=\"https:\/\/yourtime.hu\/wp-content\/uploads\/2026\/03\/3-576x1024.jpg 576w, https:\/\/yourtime.hu\/wp-content\/uploads\/2026\/03\/3-169x300.jpg 169w, https:\/\/yourtime.hu\/wp-content\/uploads\/2026\/03\/3-768x1365.jpg 768w, https:\/\/yourtime.hu\/wp-content\/uploads\/2026\/03\/3-864x1536.jpg 864w, https:\/\/yourtime.hu\/wp-content\/uploads\/2026\/03\/3-1024x1820.jpg 1024w, https:\/\/yourtime.hu\/wp-content\/uploads\/2026\/03\/3.jpg 1080w\" sizes=\"auto, (max-width: 576px) 100vw, 576px\" \/><\/figure>\n\n\n\n<figure class=\"wp-block-image size-large\"><img loading=\"lazy\" decoding=\"async\" width=\"576\" height=\"1024\" data-id=\"384\" src=\"http:\/\/yourtime.hu\/wp-content\/uploads\/2026\/03\/1-576x1024.jpg\" alt=\"\" class=\"wp-image-384\" srcset=\"https:\/\/yourtime.hu\/wp-content\/uploads\/2026\/03\/1-576x1024.jpg 576w, https:\/\/yourtime.hu\/wp-content\/uploads\/2026\/03\/1-169x300.jpg 169w, https:\/\/yourtime.hu\/wp-content\/uploads\/2026\/03\/1-768x1365.jpg 768w, https:\/\/yourtime.hu\/wp-content\/uploads\/2026\/03\/1-864x1536.jpg 864w, https:\/\/yourtime.hu\/wp-content\/uploads\/2026\/03\/1-1024x1820.jpg 1024w, https:\/\/yourtime.hu\/wp-content\/uploads\/2026\/03\/1.jpg 1080w\" sizes=\"auto, (max-width: 576px) 100vw, 576px\" \/><\/figure>\n<\/figure>\n\n\n\n<p><\/p>\n","protected":false},"excerpt":{"rendered":"<p>Szalon etikett: \u2022 K\u00e9rlek benneteket a kezel\u00e9sekre id\u0151ben \u00e9rkezzetek, az \u00fczlet ter\u00fclet\u00e9n \u0151rizz\u00e9tek meg a nyugodt hangulatot \u00e9s telefonjaitokat n\u00e9m\u00edts\u00e1tok le. Ha az el\u0151ttetek l\u00e9v\u0151 vend\u00e9g kezel\u00e9se k\u00f6zben \u00e9rkeztek, a&hellip;<\/p>\n","protected":false},"author":1,"featured_media":0,"parent":0,"menu_order":0,"comment_status":"closed","ping_status":"closed","template":"","meta":{"footnotes":""},"class_list":["post-103","page","type-page","status-publish","hentry"],"jetpack_sharing_enabled":true,"_links":{"self":[{"href":"https:\/\/yourtime.hu\/index.php?rest_route=\/wp\/v2\/pages\/103","targetHints":{"allow":["GET"]}}],"collection":[{"href":"https:\/\/yourtime.hu\/index.php?rest_route=\/wp\/v2\/pages"}],"about":[{"href":"https:\/\/yourtime.hu\/index.php?rest_route=\/wp\/v2\/types\/page"}],"author":[{"embeddable":true,"href":"https:\/\/yourtime.hu\/index.php?rest_route=\/wp\/v2\/users\/1"}],"replies":[{"embeddable":true,"href":"https:\/\/yourtime.hu\/index.php?rest_route=%2Fwp%2Fv2%2Fcomments&post=103"}],"version-history":[{"count":12,"href":"https:\/\/yourtime.hu\/index.php?rest_route=\/wp\/v2\/pages\/103\/revisions"}],"predecessor-version":[{"id":396,"href":"https:\/\/yourtime.hu\/index.php?rest_route=\/wp\/v2\/pages\/103\/revisions\/396"}],"wp:attachment":[{"href":"https:\/\/yourtime.hu\/index.php?rest_route=%2Fwp%2Fv2%2Fmedia&parent=103"}],"curies":[{"name":"wp","href":"https:\/\/api.w.org\/{rel}","templated":true}]}}